{"id":25667,"date":"2024-03-10T10:00:54","date_gmt":"2024-03-26T09:32:17","guid":{"rendered":"https:\/\/www.regner.tech\/producto\/ra-91\/"},"modified":"2024-03-26T11:12:33","modified_gmt":"2024-03-26T10:12:33","slug":"ra-91","status":"publish","type":"product","link":"https:\/\/www.regner.tech\/de\/produkt\/ra-91\/","title":{"rendered":"RA-91"},"content":{"rendered":"<p>Der <strong>RA-91 ist ein leistungsstarker Linearaktuator,<\/strong> der Lasten von bis zu 4.500 N bew\u00e4ltigen kann. Er zeichnet sich durch seine Leistungsf\u00e4higkeit aus, sowie durch sein innovatives Hubregelungssystem und eine fortschrittliche Elektronik, die es ihm erm\u00f6glicht, sich schnell und zuverl\u00e4ssig an jede Anwendung anzupassen<\/p>\n","protected":false},"excerpt":{"rendered":"<p>Der Aktuator<br \/>\nmit Regulierung, <strong>leistungsst\u00e4rker und kompakter<\/strong><\/p>\n","protected":false},"featured_media":13100,"comment_status":"open","ping_status":"closed","template":"","meta":{"_acf_changed":false,"inline_featured_image":false},"product_cat":[115],"product_tag":[481],"carrera":[142,75,113],"control_de_posicion":[82,81],"voltaje":[117],"fuerza_maxima":[476],"velocidad_maxima":[116],"class_list":{"0":"post-25667","1":"product","2":"type-product","3":"status-publish","4":"has-post-thumbnail","6":"product_cat-linearantriebe","7":"product_tag-aktuator","8":"carrera-170-mm-de","9":"carrera-050-mm-de","10":"carrera-075-mm-de","11":"control_de_posicion-interruptores-de-final-de-carrera-de","12":"control_de_posicion-potenciometro-de","13":"voltaje-24-vdc-de","14":"fuerza_maxima-4-500-n-de","15":"velocidad_maxima-36-mm-s","16":"entry","18":"first","19":"instock","20":"taxable","21":"shipping-taxable","22":"purchasable","23":"product-type-variable"},"acf":[],"yoast_head":"<!-- This site is optimized with the Yoast SEO plugin v23.5 - https:\/\/yoast.com\/wordpress\/plugins\/seo\/ -->\n<title>AktuatorRA-91 | REGNER<\/title>\n<meta name=\"description\" content=\"Der RA-91 ist ein leistungsstarker Linearaktuator, der eine verbesserte Leistung hinsichtlich der Lasten bietet und bis zu 4.500 N erreichen kann\" \/>\n<meta name=\"robots\" content=\"index, follow, max-snippet:-1, max-image-preview:large, max-video-preview:-1\" \/>\n<link rel=\"canonical\" href=\"https:\/\/www.regner.tech\/de\/produkt\/ra-91\/\" \/>\n<meta property=\"og:locale\" content=\"de_DE\" \/>\n<meta property=\"og:type\" content=\"article\" \/>\n<meta property=\"og:title\" content=\"AktuatorRA-91 | REGNER\" \/>\n<meta property=\"og:description\" content=\"Der RA-91 ist ein leistungsstarker Linearaktuator, der eine verbesserte Leistung hinsichtlich der Lasten bietet und bis zu 4.500 N erreichen kann\" \/>\n<meta property=\"og:url\" content=\"https:\/\/www.regner.tech\/de\/produkt\/ra-91\/\" \/>\n<meta property=\"og:site_name\" content=\"REGNER\" \/>\n<meta property=\"article:modified_time\" content=\"2024-03-26T10:12:33+00:00\" \/>\n<meta property=\"og:image\" content=\"https:\/\/www.regner.tech\/wp-content\/uploads\/2021\/12\/animated-ra90-resok-1.png\" \/>\n\t<meta property=\"og:image:width\" content=\"1200\" \/>\n\t<meta property=\"og:image:height\" content=\"566\" \/>\n\t<meta property=\"og:image:type\" content=\"image\/png\" \/>\n<meta name=\"twitter:card\" content=\"summary_large_image\" \/>\n<meta name=\"twitter:label1\" content=\"Gesch\u00e4tzte Lesezeit\" \/>\n\t<meta name=\"twitter:data1\" content=\"1\u00a0Minute\" \/>\n<script type=\"application\/ld+json\" class=\"yoast-schema-graph\">{\"@context\":\"https:\/\/schema.org\",\"@graph\":[{\"@type\":\"WebPage\",\"@id\":\"https:\/\/www.regner.tech\/de\/produkt\/ra-91\/\",\"url\":\"https:\/\/www.regner.tech\/de\/produkt\/ra-91\/\",\"name\":\"AktuatorRA-91 | REGNER\",\"isPartOf\":{\"@id\":\"https:\/\/www.regner.tech\/de\/#website\"},\"primaryImageOfPage\":{\"@id\":\"https:\/\/www.regner.tech\/de\/produkt\/ra-91\/#primaryimage\"},\"image\":{\"@id\":\"https:\/\/www.regner.tech\/de\/produkt\/ra-91\/#primaryimage\"},\"thumbnailUrl\":\"https:\/\/www.regner.tech\/wp-content\/uploads\/2021\/12\/animated-ra90-resok-1.png\",\"datePublished\":\"2024-03-26T09:32:17+00:00\",\"dateModified\":\"2024-03-26T10:12:33+00:00\",\"description\":\"Der RA-91 ist ein leistungsstarker Linearaktuator, der eine verbesserte Leistung hinsichtlich der Lasten bietet und bis zu 4.500 N erreichen kann\",\"breadcrumb\":{\"@id\":\"https:\/\/www.regner.tech\/de\/produkt\/ra-91\/#breadcrumb\"},\"inLanguage\":\"de\",\"potentialAction\":[{\"@type\":\"ReadAction\",\"target\":[\"https:\/\/www.regner.tech\/de\/produkt\/ra-91\/\"]}]},{\"@type\":\"ImageObject\",\"inLanguage\":\"de\",\"@id\":\"https:\/\/www.regner.tech\/de\/produkt\/ra-91\/#primaryimage\",\"url\":\"https:\/\/www.regner.tech\/wp-content\/uploads\/2021\/12\/animated-ra90-resok-1.png\",\"contentUrl\":\"https:\/\/www.regner.tech\/wp-content\/uploads\/2021\/12\/animated-ra90-resok-1.png\",\"width\":1200,\"height\":566},{\"@type\":\"BreadcrumbList\",\"@id\":\"https:\/\/www.regner.tech\/de\/produkt\/ra-91\/#breadcrumb\",\"itemListElement\":[{\"@type\":\"ListItem\",\"position\":1,\"name\":\"Portada\",\"item\":\"https:\/\/www.regner.tech\/de\/\"},{\"@type\":\"ListItem\",\"position\":2,\"name\":\"Tienda\",\"item\":\"https:\/\/www.regner.tech\/?page_id=332\"},{\"@type\":\"ListItem\",\"position\":3,\"name\":\"RA-91\"}]},{\"@type\":\"WebSite\",\"@id\":\"https:\/\/www.regner.tech\/de\/#website\",\"url\":\"https:\/\/www.regner.tech\/de\/\",\"name\":\"REGNER\",\"description\":\"Soluciones avanzadas de movimiento lineal\",\"publisher\":{\"@id\":\"https:\/\/www.regner.tech\/de\/#organization\"},\"potentialAction\":[{\"@type\":\"SearchAction\",\"target\":{\"@type\":\"EntryPoint\",\"urlTemplate\":\"https:\/\/www.regner.tech\/de\/?s={search_term_string}\"},\"query-input\":{\"@type\":\"PropertyValueSpecification\",\"valueRequired\":true,\"valueName\":\"search_term_string\"}}],\"inLanguage\":\"de\"},{\"@type\":\"Organization\",\"@id\":\"https:\/\/www.regner.tech\/de\/#organization\",\"name\":\"REGNER\u00ae\",\"url\":\"https:\/\/www.regner.tech\/de\/\",\"logo\":{\"@type\":\"ImageObject\",\"inLanguage\":\"de\",\"@id\":\"https:\/\/www.regner.tech\/de\/#\/schema\/logo\/image\/\",\"url\":\"https:\/\/www.regner.tech\/wp-content\/uploads\/2022\/05\/skin07s.header-logo-hd.png\",\"contentUrl\":\"https:\/\/www.regner.tech\/wp-content\/uploads\/2022\/05\/skin07s.header-logo-hd.png\",\"width\":292,\"height\":56,\"caption\":\"REGNER\u00ae\"},\"image\":{\"@id\":\"https:\/\/www.regner.tech\/de\/#\/schema\/logo\/image\/\"}}]}<\/script>\n<!-- \/ Yoast SEO plugin. -->","yoast_head_json":{"title":"AktuatorRA-91 | REGNER","description":"Der RA-91 ist ein leistungsstarker Linearaktuator, der eine verbesserte Leistung hinsichtlich der Lasten bietet und bis zu 4.500 N erreichen kann","robots":{"index":"index","follow":"follow","max-snippet":"max-snippet:-1","max-image-preview":"max-image-preview:large","max-video-preview":"max-video-preview:-1"},"canonical":"https:\/\/www.regner.tech\/de\/produkt\/ra-91\/","og_locale":"de_DE","og_type":"article","og_title":"AktuatorRA-91 | REGNER","og_description":"Der RA-91 ist ein leistungsstarker Linearaktuator, der eine verbesserte Leistung hinsichtlich der Lasten bietet und bis zu 4.500 N erreichen kann","og_url":"https:\/\/www.regner.tech\/de\/produkt\/ra-91\/","og_site_name":"REGNER","article_modified_time":"2024-03-26T10:12:33+00:00","og_image":[{"width":1200,"height":566,"url":"https:\/\/www.regner.tech\/wp-content\/uploads\/2021\/12\/animated-ra90-resok-1.png","type":"image\/png"}],"twitter_card":"summary_large_image","twitter_misc":{"Gesch\u00e4tzte Lesezeit":"1\u00a0Minute"},"schema":{"@context":"https:\/\/schema.org","@graph":[{"@type":"WebPage","@id":"https:\/\/www.regner.tech\/de\/produkt\/ra-91\/","url":"https:\/\/www.regner.tech\/de\/produkt\/ra-91\/","name":"AktuatorRA-91 | REGNER","isPartOf":{"@id":"https:\/\/www.regner.tech\/de\/#website"},"primaryImageOfPage":{"@id":"https:\/\/www.regner.tech\/de\/produkt\/ra-91\/#primaryimage"},"image":{"@id":"https:\/\/www.regner.tech\/de\/produkt\/ra-91\/#primaryimage"},"thumbnailUrl":"https:\/\/www.regner.tech\/wp-content\/uploads\/2021\/12\/animated-ra90-resok-1.png","datePublished":"2024-03-26T09:32:17+00:00","dateModified":"2024-03-26T10:12:33+00:00","description":"Der RA-91 ist ein leistungsstarker Linearaktuator, der eine verbesserte Leistung hinsichtlich der Lasten bietet und bis zu 4.500 N erreichen kann","breadcrumb":{"@id":"https:\/\/www.regner.tech\/de\/produkt\/ra-91\/#breadcrumb"},"inLanguage":"de","potentialAction":[{"@type":"ReadAction","target":["https:\/\/www.regner.tech\/de\/produkt\/ra-91\/"]}]},{"@type":"ImageObject","inLanguage":"de","@id":"https:\/\/www.regner.tech\/de\/produkt\/ra-91\/#primaryimage","url":"https:\/\/www.regner.tech\/wp-content\/uploads\/2021\/12\/animated-ra90-resok-1.png","contentUrl":"https:\/\/www.regner.tech\/wp-content\/uploads\/2021\/12\/animated-ra90-resok-1.png","width":1200,"height":566},{"@type":"BreadcrumbList","@id":"https:\/\/www.regner.tech\/de\/produkt\/ra-91\/#breadcrumb","itemListElement":[{"@type":"ListItem","position":1,"name":"Portada","item":"https:\/\/www.regner.tech\/de\/"},{"@type":"ListItem","position":2,"name":"Tienda","item":"https:\/\/www.regner.tech\/?page_id=332"},{"@type":"ListItem","position":3,"name":"RA-91"}]},{"@type":"WebSite","@id":"https:\/\/www.regner.tech\/de\/#website","url":"https:\/\/www.regner.tech\/de\/","name":"REGNER","description":"Soluciones avanzadas de movimiento lineal","publisher":{"@id":"https:\/\/www.regner.tech\/de\/#organization"},"potentialAction":[{"@type":"SearchAction","target":{"@type":"EntryPoint","urlTemplate":"https:\/\/www.regner.tech\/de\/?s={search_term_string}"},"query-input":{"@type":"PropertyValueSpecification","valueRequired":true,"valueName":"search_term_string"}}],"inLanguage":"de"},{"@type":"Organization","@id":"https:\/\/www.regner.tech\/de\/#organization","name":"REGNER\u00ae","url":"https:\/\/www.regner.tech\/de\/","logo":{"@type":"ImageObject","inLanguage":"de","@id":"https:\/\/www.regner.tech\/de\/#\/schema\/logo\/image\/","url":"https:\/\/www.regner.tech\/wp-content\/uploads\/2022\/05\/skin07s.header-logo-hd.png","contentUrl":"https:\/\/www.regner.tech\/wp-content\/uploads\/2022\/05\/skin07s.header-logo-hd.png","width":292,"height":56,"caption":"REGNER\u00ae"},"image":{"@id":"https:\/\/www.regner.tech\/de\/#\/schema\/logo\/image\/"}}]}},"_links":{"self":[{"href":"https:\/\/www.regner.tech\/de\/wp-json\/wp\/v2\/product\/25667"}],"collection":[{"href":"https:\/\/www.regner.tech\/de\/wp-json\/wp\/v2\/product"}],"about":[{"href":"https:\/\/www.regner.tech\/de\/wp-json\/wp\/v2\/types\/product"}],"replies":[{"embeddable":true,"href":"https:\/\/www.regner.tech\/de\/wp-json\/wp\/v2\/comments?post=25667"}],"wp:featuredmedia":[{"embeddable":true,"href":"https:\/\/www.regner.tech\/de\/wp-json\/wp\/v2\/media\/13100"}],"wp:attachment":[{"href":"https:\/\/www.regner.tech\/de\/wp-json\/wp\/v2\/media?parent=25667"}],"wp:term":[{"taxonomy":"product_cat","embeddable":true,"href":"https:\/\/www.regner.tech\/de\/wp-json\/wp\/v2\/product_cat?post=25667"},{"taxonomy":"product_tag","embeddable":true,"href":"https:\/\/www.regner.tech\/de\/wp-json\/wp\/v2\/product_tag?post=25667"},{"taxonomy":"carrera","embeddable":true,"href":"https:\/\/www.regner.tech\/de\/wp-json\/wp\/v2\/carrera?post=25667"},{"taxonomy":"control_de_posicion","embeddable":true,"href":"https:\/\/www.regner.tech\/de\/wp-json\/wp\/v2\/control_de_posicion?post=25667"},{"taxonomy":"voltaje","embeddable":true,"href":"https:\/\/www.regner.tech\/de\/wp-json\/wp\/v2\/voltaje?post=25667"},{"taxonomy":"fuerza_maxima","embeddable":true,"href":"https:\/\/www.regner.tech\/de\/wp-json\/wp\/v2\/fuerza_maxima?post=25667"},{"taxonomy":"velocidad_maxima","embeddable":true,"href":"https:\/\/www.regner.tech\/de\/wp-json\/wp\/v2\/velocidad_maxima?post=25667"}],"curies":[{"name":"wp","href":"https:\/\/api.w.org\/{rel}","templated":true}]}}