{"id":17340,"date":"2021-09-07T12:53:47","date_gmt":"2022-04-28T06:53:06","guid":{"rendered":"https:\/\/www.regner.tech\/producto\/ra-44-map\/"},"modified":"2022-07-05T10:15:25","modified_gmt":"2022-07-05T08:15:25","slug":"ra44-map","status":"publish","type":"product","link":"https:\/\/www.regner.tech\/de\/produkt\/ra44-map\/","title":{"rendered":"RA-44 MAP"},"content":{"rendered":"<p>Der Linearantrieb <strong>RA-44 MAP (Marine Autopilot) ist eine robuste L\u00f6sung f\u00fcr Schiffsanwendungen, die f\u00fcr Rohrruder-Steuersysteme entwickelt wurde<\/strong>. Er kann problemlos in die Steuersysteme von Sportbooten mit einer <strong>Wasserverdr\u00e4ngung von bis zu 3.000 kg<\/strong> integriert werden und korrigiert den Kurs kontinuierlich aufgrund der vom Kompass, dem Windgeber oder vom GPS bereitgestellten Daten. Der RA-44 MAP ist zweifellos <strong> eine der besten Erweiterungen f\u00fcr Sportboote.<\/strong><\/p>\n","protected":false},"excerpt":{"rendered":"<p><strong>Leistung und lange Lebensdauer<\/strong> f\u00fcr Schiffsanwendungen<\/p>\n","protected":false},"featured_media":12269,"comment_status":"open","ping_status":"closed","template":"","meta":{"_acf_changed":false,"inline_featured_image":false},"product_cat":[115],"product_tag":[],"carrera":[],"control_de_posicion":[],"voltaje":[83],"fuerza_maxima":[130],"velocidad_maxima":[131],"class_list":{"0":"post-17340","1":"product","2":"type-product","3":"status-publish","4":"has-post-thumbnail","6":"product_cat-linearantriebe","7":"voltaje-12-vdc-de","8":"fuerza_maxima-0400-n-de","9":"velocidad_maxima-622-mm-s","10":"entry","12":"first","13":"instock","14":"sale","15":"taxable","16":"shipping-taxable","17":"purchasable","18":"product-type-variable"},"acf":[],"yoast_head":"<!-- This site is optimized with the Yoast SEO plugin v23.5 - https:\/\/yoast.com\/wordpress\/plugins\/seo\/ -->\n<title>RA-44 MAP | REGNER<\/title>\n<meta name=\"robots\" content=\"index, follow, max-snippet:-1, max-image-preview:large, max-video-preview:-1\" \/>\n<link rel=\"canonical\" href=\"https:\/\/www.regner.tech\/de\/produkt\/ra44-map\/\" \/>\n<meta property=\"og:locale\" content=\"de_DE\" \/>\n<meta property=\"og:type\" content=\"article\" \/>\n<meta property=\"og:title\" content=\"RA-44 MAP | REGNER\" \/>\n<meta property=\"og:description\" content=\"Leistung und lange Lebensdauer f\u00fcr Schiffsanwendungen\" \/>\n<meta property=\"og:url\" content=\"https:\/\/www.regner.tech\/de\/produkt\/ra44-map\/\" \/>\n<meta property=\"og:site_name\" content=\"REGNER\" \/>\n<meta property=\"article:modified_time\" content=\"2022-07-05T08:15:25+00:00\" \/>\n<meta property=\"og:image\" content=\"https:\/\/www.regner.tech\/wp-content\/uploads\/2021\/09\/animated-RA44-MAP-c.png\" \/>\n\t<meta property=\"og:image:width\" content=\"1200\" \/>\n\t<meta property=\"og:image:height\" content=\"373\" \/>\n\t<meta property=\"og:image:type\" content=\"image\/png\" \/>\n<meta name=\"twitter:card\" content=\"summary_large_image\" \/>\n<script type=\"application\/ld+json\" class=\"yoast-schema-graph\">{\"@context\":\"https:\/\/schema.org\",\"@graph\":[{\"@type\":\"WebPage\",\"@id\":\"https:\/\/www.regner.tech\/de\/produkt\/ra44-map\/\",\"url\":\"https:\/\/www.regner.tech\/de\/produkt\/ra44-map\/\",\"name\":\"RA-44 MAP | REGNER\",\"isPartOf\":{\"@id\":\"https:\/\/www.regner.tech\/de\/#website\"},\"primaryImageOfPage\":{\"@id\":\"https:\/\/www.regner.tech\/de\/produkt\/ra44-map\/#primaryimage\"},\"image\":{\"@id\":\"https:\/\/www.regner.tech\/de\/produkt\/ra44-map\/#primaryimage\"},\"thumbnailUrl\":\"https:\/\/www.regner.tech\/wp-content\/uploads\/2021\/09\/animated-RA44-MAP-c.png\",\"datePublished\":\"2022-04-28T06:53:06+00:00\",\"dateModified\":\"2022-07-05T08:15:25+00:00\",\"breadcrumb\":{\"@id\":\"https:\/\/www.regner.tech\/de\/produkt\/ra44-map\/#breadcrumb\"},\"inLanguage\":\"de\",\"potentialAction\":[{\"@type\":\"ReadAction\",\"target\":[\"https:\/\/www.regner.tech\/de\/produkt\/ra44-map\/\"]}]},{\"@type\":\"ImageObject\",\"inLanguage\":\"de\",\"@id\":\"https:\/\/www.regner.tech\/de\/produkt\/ra44-map\/#primaryimage\",\"url\":\"https:\/\/www.regner.tech\/wp-content\/uploads\/2021\/09\/animated-RA44-MAP-c.png\",\"contentUrl\":\"https:\/\/www.regner.tech\/wp-content\/uploads\/2021\/09\/animated-RA44-MAP-c.png\",\"width\":1200,\"height\":373},{\"@type\":\"BreadcrumbList\",\"@id\":\"https:\/\/www.regner.tech\/de\/produkt\/ra44-map\/#breadcrumb\",\"itemListElement\":[{\"@type\":\"ListItem\",\"position\":1,\"name\":\"Portada\",\"item\":\"https:\/\/www.regner.tech\/de\/\"},{\"@type\":\"ListItem\",\"position\":2,\"name\":\"Tienda\",\"item\":\"https:\/\/www.regner.tech\/?page_id=332\"},{\"@type\":\"ListItem\",\"position\":3,\"name\":\"RA-44 MAP\"}]},{\"@type\":\"WebSite\",\"@id\":\"https:\/\/www.regner.tech\/de\/#website\",\"url\":\"https:\/\/www.regner.tech\/de\/\",\"name\":\"REGNER\",\"description\":\"Soluciones avanzadas de movimiento lineal\",\"publisher\":{\"@id\":\"https:\/\/www.regner.tech\/de\/#organization\"},\"potentialAction\":[{\"@type\":\"SearchAction\",\"target\":{\"@type\":\"EntryPoint\",\"urlTemplate\":\"https:\/\/www.regner.tech\/de\/?s={search_term_string}\"},\"query-input\":{\"@type\":\"PropertyValueSpecification\",\"valueRequired\":true,\"valueName\":\"search_term_string\"}}],\"inLanguage\":\"de\"},{\"@type\":\"Organization\",\"@id\":\"https:\/\/www.regner.tech\/de\/#organization\",\"name\":\"REGNER\u00ae\",\"url\":\"https:\/\/www.regner.tech\/de\/\",\"logo\":{\"@type\":\"ImageObject\",\"inLanguage\":\"de\",\"@id\":\"https:\/\/www.regner.tech\/de\/#\/schema\/logo\/image\/\",\"url\":\"https:\/\/www.regner.tech\/wp-content\/uploads\/2022\/05\/skin07s.header-logo-hd.png\",\"contentUrl\":\"https:\/\/www.regner.tech\/wp-content\/uploads\/2022\/05\/skin07s.header-logo-hd.png\",\"width\":292,\"height\":56,\"caption\":\"REGNER\u00ae\"},\"image\":{\"@id\":\"https:\/\/www.regner.tech\/de\/#\/schema\/logo\/image\/\"}}]}<\/script>\n<!-- \/ Yoast SEO plugin. -->","yoast_head_json":{"title":"RA-44 MAP | REGNER","robots":{"index":"index","follow":"follow","max-snippet":"max-snippet:-1","max-image-preview":"max-image-preview:large","max-video-preview":"max-video-preview:-1"},"canonical":"https:\/\/www.regner.tech\/de\/produkt\/ra44-map\/","og_locale":"de_DE","og_type":"article","og_title":"RA-44 MAP | REGNER","og_description":"Leistung und lange Lebensdauer f\u00fcr Schiffsanwendungen","og_url":"https:\/\/www.regner.tech\/de\/produkt\/ra44-map\/","og_site_name":"REGNER","article_modified_time":"2022-07-05T08:15:25+00:00","og_image":[{"width":1200,"height":373,"url":"https:\/\/www.regner.tech\/wp-content\/uploads\/2021\/09\/animated-RA44-MAP-c.png","type":"image\/png"}],"twitter_card":"summary_large_image","schema":{"@context":"https:\/\/schema.org","@graph":[{"@type":"WebPage","@id":"https:\/\/www.regner.tech\/de\/produkt\/ra44-map\/","url":"https:\/\/www.regner.tech\/de\/produkt\/ra44-map\/","name":"RA-44 MAP | REGNER","isPartOf":{"@id":"https:\/\/www.regner.tech\/de\/#website"},"primaryImageOfPage":{"@id":"https:\/\/www.regner.tech\/de\/produkt\/ra44-map\/#primaryimage"},"image":{"@id":"https:\/\/www.regner.tech\/de\/produkt\/ra44-map\/#primaryimage"},"thumbnailUrl":"https:\/\/www.regner.tech\/wp-content\/uploads\/2021\/09\/animated-RA44-MAP-c.png","datePublished":"2022-04-28T06:53:06+00:00","dateModified":"2022-07-05T08:15:25+00:00","breadcrumb":{"@id":"https:\/\/www.regner.tech\/de\/produkt\/ra44-map\/#breadcrumb"},"inLanguage":"de","potentialAction":[{"@type":"ReadAction","target":["https:\/\/www.regner.tech\/de\/produkt\/ra44-map\/"]}]},{"@type":"ImageObject","inLanguage":"de","@id":"https:\/\/www.regner.tech\/de\/produkt\/ra44-map\/#primaryimage","url":"https:\/\/www.regner.tech\/wp-content\/uploads\/2021\/09\/animated-RA44-MAP-c.png","contentUrl":"https:\/\/www.regner.tech\/wp-content\/uploads\/2021\/09\/animated-RA44-MAP-c.png","width":1200,"height":373},{"@type":"BreadcrumbList","@id":"https:\/\/www.regner.tech\/de\/produkt\/ra44-map\/#breadcrumb","itemListElement":[{"@type":"ListItem","position":1,"name":"Portada","item":"https:\/\/www.regner.tech\/de\/"},{"@type":"ListItem","position":2,"name":"Tienda","item":"https:\/\/www.regner.tech\/?page_id=332"},{"@type":"ListItem","position":3,"name":"RA-44 MAP"}]},{"@type":"WebSite","@id":"https:\/\/www.regner.tech\/de\/#website","url":"https:\/\/www.regner.tech\/de\/","name":"REGNER","description":"Soluciones avanzadas de movimiento lineal","publisher":{"@id":"https:\/\/www.regner.tech\/de\/#organization"},"potentialAction":[{"@type":"SearchAction","target":{"@type":"EntryPoint","urlTemplate":"https:\/\/www.regner.tech\/de\/?s={search_term_string}"},"query-input":{"@type":"PropertyValueSpecification","valueRequired":true,"valueName":"search_term_string"}}],"inLanguage":"de"},{"@type":"Organization","@id":"https:\/\/www.regner.tech\/de\/#organization","name":"REGNER\u00ae","url":"https:\/\/www.regner.tech\/de\/","logo":{"@type":"ImageObject","inLanguage":"de","@id":"https:\/\/www.regner.tech\/de\/#\/schema\/logo\/image\/","url":"https:\/\/www.regner.tech\/wp-content\/uploads\/2022\/05\/skin07s.header-logo-hd.png","contentUrl":"https:\/\/www.regner.tech\/wp-content\/uploads\/2022\/05\/skin07s.header-logo-hd.png","width":292,"height":56,"caption":"REGNER\u00ae"},"image":{"@id":"https:\/\/www.regner.tech\/de\/#\/schema\/logo\/image\/"}}]}},"_links":{"self":[{"href":"https:\/\/www.regner.tech\/de\/wp-json\/wp\/v2\/product\/17340"}],"collection":[{"href":"https:\/\/www.regner.tech\/de\/wp-json\/wp\/v2\/product"}],"about":[{"href":"https:\/\/www.regner.tech\/de\/wp-json\/wp\/v2\/types\/product"}],"replies":[{"embeddable":true,"href":"https:\/\/www.regner.tech\/de\/wp-json\/wp\/v2\/comments?post=17340"}],"wp:featuredmedia":[{"embeddable":true,"href":"https:\/\/www.regner.tech\/de\/wp-json\/wp\/v2\/media\/12269"}],"wp:attachment":[{"href":"https:\/\/www.regner.tech\/de\/wp-json\/wp\/v2\/media?parent=17340"}],"wp:term":[{"taxonomy":"product_cat","embeddable":true,"href":"https:\/\/www.regner.tech\/de\/wp-json\/wp\/v2\/product_cat?post=17340"},{"taxonomy":"product_tag","embeddable":true,"href":"https:\/\/www.regner.tech\/de\/wp-json\/wp\/v2\/product_tag?post=17340"},{"taxonomy":"carrera","embeddable":true,"href":"https:\/\/www.regner.tech\/de\/wp-json\/wp\/v2\/carrera?post=17340"},{"taxonomy":"control_de_posicion","embeddable":true,"href":"https:\/\/www.regner.tech\/de\/wp-json\/wp\/v2\/control_de_posicion?post=17340"},{"taxonomy":"voltaje","embeddable":true,"href":"https:\/\/www.regner.tech\/de\/wp-json\/wp\/v2\/voltaje?post=17340"},{"taxonomy":"fuerza_maxima","embeddable":true,"href":"https:\/\/www.regner.tech\/de\/wp-json\/wp\/v2\/fuerza_maxima?post=17340"},{"taxonomy":"velocidad_maxima","embeddable":true,"href":"https:\/\/www.regner.tech\/de\/wp-json\/wp\/v2\/velocidad_maxima?post=17340"}],"curies":[{"name":"wp","href":"https:\/\/api.w.org\/{rel}","templated":true}]}}