{"id":13645,"date":"2021-09-12T17:18:40","date_gmt":"2022-03-07T12:06:20","guid":{"rendered":"https:\/\/www.regner.tech\/producto\/ra-mini-alu\/"},"modified":"2025-04-29T07:40:07","modified_gmt":"2025-04-29T05:40:07","slug":"ra-mini-alu","status":"publish","type":"product","link":"https:\/\/www.regner.tech\/de\/produkt\/ra-mini-alu\/","title":{"rendered":"RA-MINI ALU"},"content":{"rendered":"<p>Der RA-MINI ALU ist die perfekte Kombination aus <strong>Hubkraft, ultrakompaktem Design und hoher Leistung<\/strong> f\u00fcr Anwendungen, bei denen eine Neige-, Hebe-, R\u00fcckzugs- oder Druckkraft von <strong>bis zu 70 N<\/strong> erforderlich ist.<\/p>\n<p>Der wichtigste Bestandteil dieser Hightech-L\u00f6sung ist das <strong>leistungsf\u00e4hige \u00dcbertragungssystem, das eine au\u00dfergew\u00f6hnlich hohe Kraft und Performance<\/strong> bietet und gleichzeitig eine zuverl\u00e4ssige und pr\u00e4zise Bewegung gew\u00e4hrleistet.<\/p>\n","protected":false},"excerpt":{"rendered":"<p><strong>Leistungsstarker<br \/>\nMikroantrieb<\/strong> mit Aluminiumgeh\u00e4use<\/p>\n<p>&nbsp;<\/p>\n","protected":false},"featured_media":12197,"comment_status":"open","ping_status":"closed","template":"","meta":{"_acf_changed":false,"inline_featured_image":false},"product_cat":[78],"product_tag":[],"carrera":[],"control_de_posicion":[82,81],"voltaje":[83],"fuerza_maxima":[84],"velocidad_maxima":[85],"class_list":{"0":"post-13645","1":"product","2":"type-product","3":"status-publish","4":"has-post-thumbnail","6":"product_cat-lineare-mikroaktuatoren","7":"control_de_posicion-interruptores-de-final-de-carrera-de","8":"control_de_posicion-potenciometro-de","9":"voltaje-12-vdc-de","10":"fuerza_maxima-0070-n-de","11":"velocidad_maxima-14-7-mm-s-de","12":"entry","14":"first","15":"instock","16":"taxable","17":"shipping-taxable","18":"purchasable","19":"product-type-variable"},"acf":[],"yoast_head":"<!-- This site is optimized with the Yoast SEO plugin v23.5 - https:\/\/yoast.com\/wordpress\/plugins\/seo\/ -->\n<title>RA-MINI ALU | REGNER<\/title>\n<meta name=\"robots\" content=\"index, follow, max-snippet:-1, max-image-preview:large, max-video-preview:-1\" \/>\n<link rel=\"canonical\" href=\"https:\/\/www.regner.tech\/de\/produkt\/ra-mini-alu\/\" \/>\n<meta property=\"og:locale\" content=\"de_DE\" \/>\n<meta property=\"og:type\" content=\"article\" \/>\n<meta property=\"og:title\" content=\"RA-MINI ALU | REGNER\" \/>\n<meta property=\"og:description\" content=\"Leistungsstarker Mikroantrieb mit Aluminiumgeh\u00e4use  &nbsp;\" \/>\n<meta property=\"og:url\" content=\"https:\/\/www.regner.tech\/de\/produkt\/ra-mini-alu\/\" \/>\n<meta property=\"og:site_name\" content=\"REGNER\" \/>\n<meta property=\"article:modified_time\" content=\"2025-04-29T05:40:07+00:00\" \/>\n<meta property=\"og:image\" content=\"https:\/\/www.regner.tech\/wp-content\/uploads\/2021\/09\/animated-RAMINI.png\" \/>\n\t<meta property=\"og:image:width\" content=\"1139\" \/>\n\t<meta property=\"og:image:height\" content=\"317\" \/>\n\t<meta property=\"og:image:type\" content=\"image\/png\" \/>\n<meta name=\"twitter:card\" content=\"summary_large_image\" \/>\n<script type=\"application\/ld+json\" class=\"yoast-schema-graph\">{\"@context\":\"https:\/\/schema.org\",\"@graph\":[{\"@type\":\"WebPage\",\"@id\":\"https:\/\/www.regner.tech\/de\/produkt\/ra-mini-alu\/\",\"url\":\"https:\/\/www.regner.tech\/de\/produkt\/ra-mini-alu\/\",\"name\":\"RA-MINI ALU | REGNER\",\"isPartOf\":{\"@id\":\"https:\/\/www.regner.tech\/de\/#website\"},\"primaryImageOfPage\":{\"@id\":\"https:\/\/www.regner.tech\/de\/produkt\/ra-mini-alu\/#primaryimage\"},\"image\":{\"@id\":\"https:\/\/www.regner.tech\/de\/produkt\/ra-mini-alu\/#primaryimage\"},\"thumbnailUrl\":\"https:\/\/www.regner.tech\/wp-content\/uploads\/2021\/09\/animated-RAMINI.png\",\"datePublished\":\"2022-03-07T12:06:20+00:00\",\"dateModified\":\"2025-04-29T05:40:07+00:00\",\"breadcrumb\":{\"@id\":\"https:\/\/www.regner.tech\/de\/produkt\/ra-mini-alu\/#breadcrumb\"},\"inLanguage\":\"de\",\"potentialAction\":[{\"@type\":\"ReadAction\",\"target\":[\"https:\/\/www.regner.tech\/de\/produkt\/ra-mini-alu\/\"]}]},{\"@type\":\"ImageObject\",\"inLanguage\":\"de\",\"@id\":\"https:\/\/www.regner.tech\/de\/produkt\/ra-mini-alu\/#primaryimage\",\"url\":\"https:\/\/www.regner.tech\/wp-content\/uploads\/2021\/09\/animated-RAMINI.png\",\"contentUrl\":\"https:\/\/www.regner.tech\/wp-content\/uploads\/2021\/09\/animated-RAMINI.png\",\"width\":1139,\"height\":317},{\"@type\":\"BreadcrumbList\",\"@id\":\"https:\/\/www.regner.tech\/de\/produkt\/ra-mini-alu\/#breadcrumb\",\"itemListElement\":[{\"@type\":\"ListItem\",\"position\":1,\"name\":\"Portada\",\"item\":\"https:\/\/www.regner.tech\/de\/\"},{\"@type\":\"ListItem\",\"position\":2,\"name\":\"Tienda\",\"item\":\"https:\/\/www.regner.tech\/?page_id=332\"},{\"@type\":\"ListItem\",\"position\":3,\"name\":\"RA-MINI ALU\"}]},{\"@type\":\"WebSite\",\"@id\":\"https:\/\/www.regner.tech\/de\/#website\",\"url\":\"https:\/\/www.regner.tech\/de\/\",\"name\":\"REGNER\",\"description\":\"Soluciones avanzadas de movimiento lineal\",\"publisher\":{\"@id\":\"https:\/\/www.regner.tech\/de\/#organization\"},\"potentialAction\":[{\"@type\":\"SearchAction\",\"target\":{\"@type\":\"EntryPoint\",\"urlTemplate\":\"https:\/\/www.regner.tech\/de\/?s={search_term_string}\"},\"query-input\":{\"@type\":\"PropertyValueSpecification\",\"valueRequired\":true,\"valueName\":\"search_term_string\"}}],\"inLanguage\":\"de\"},{\"@type\":\"Organization\",\"@id\":\"https:\/\/www.regner.tech\/de\/#organization\",\"name\":\"REGNER\u00ae\",\"url\":\"https:\/\/www.regner.tech\/de\/\",\"logo\":{\"@type\":\"ImageObject\",\"inLanguage\":\"de\",\"@id\":\"https:\/\/www.regner.tech\/de\/#\/schema\/logo\/image\/\",\"url\":\"https:\/\/www.regner.tech\/wp-content\/uploads\/2022\/05\/skin07s.header-logo-hd.png\",\"contentUrl\":\"https:\/\/www.regner.tech\/wp-content\/uploads\/2022\/05\/skin07s.header-logo-hd.png\",\"width\":292,\"height\":56,\"caption\":\"REGNER\u00ae\"},\"image\":{\"@id\":\"https:\/\/www.regner.tech\/de\/#\/schema\/logo\/image\/\"}}]}<\/script>\n<!-- \/ Yoast SEO plugin. -->","yoast_head_json":{"title":"RA-MINI ALU | REGNER","robots":{"index":"index","follow":"follow","max-snippet":"max-snippet:-1","max-image-preview":"max-image-preview:large","max-video-preview":"max-video-preview:-1"},"canonical":"https:\/\/www.regner.tech\/de\/produkt\/ra-mini-alu\/","og_locale":"de_DE","og_type":"article","og_title":"RA-MINI ALU | REGNER","og_description":"Leistungsstarker Mikroantrieb mit Aluminiumgeh\u00e4use  &nbsp;","og_url":"https:\/\/www.regner.tech\/de\/produkt\/ra-mini-alu\/","og_site_name":"REGNER","article_modified_time":"2025-04-29T05:40:07+00:00","og_image":[{"width":1139,"height":317,"url":"https:\/\/www.regner.tech\/wp-content\/uploads\/2021\/09\/animated-RAMINI.png","type":"image\/png"}],"twitter_card":"summary_large_image","schema":{"@context":"https:\/\/schema.org","@graph":[{"@type":"WebPage","@id":"https:\/\/www.regner.tech\/de\/produkt\/ra-mini-alu\/","url":"https:\/\/www.regner.tech\/de\/produkt\/ra-mini-alu\/","name":"RA-MINI ALU | REGNER","isPartOf":{"@id":"https:\/\/www.regner.tech\/de\/#website"},"primaryImageOfPage":{"@id":"https:\/\/www.regner.tech\/de\/produkt\/ra-mini-alu\/#primaryimage"},"image":{"@id":"https:\/\/www.regner.tech\/de\/produkt\/ra-mini-alu\/#primaryimage"},"thumbnailUrl":"https:\/\/www.regner.tech\/wp-content\/uploads\/2021\/09\/animated-RAMINI.png","datePublished":"2022-03-07T12:06:20+00:00","dateModified":"2025-04-29T05:40:07+00:00","breadcrumb":{"@id":"https:\/\/www.regner.tech\/de\/produkt\/ra-mini-alu\/#breadcrumb"},"inLanguage":"de","potentialAction":[{"@type":"ReadAction","target":["https:\/\/www.regner.tech\/de\/produkt\/ra-mini-alu\/"]}]},{"@type":"ImageObject","inLanguage":"de","@id":"https:\/\/www.regner.tech\/de\/produkt\/ra-mini-alu\/#primaryimage","url":"https:\/\/www.regner.tech\/wp-content\/uploads\/2021\/09\/animated-RAMINI.png","contentUrl":"https:\/\/www.regner.tech\/wp-content\/uploads\/2021\/09\/animated-RAMINI.png","width":1139,"height":317},{"@type":"BreadcrumbList","@id":"https:\/\/www.regner.tech\/de\/produkt\/ra-mini-alu\/#breadcrumb","itemListElement":[{"@type":"ListItem","position":1,"name":"Portada","item":"https:\/\/www.regner.tech\/de\/"},{"@type":"ListItem","position":2,"name":"Tienda","item":"https:\/\/www.regner.tech\/?page_id=332"},{"@type":"ListItem","position":3,"name":"RA-MINI ALU"}]},{"@type":"WebSite","@id":"https:\/\/www.regner.tech\/de\/#website","url":"https:\/\/www.regner.tech\/de\/","name":"REGNER","description":"Soluciones avanzadas de movimiento lineal","publisher":{"@id":"https:\/\/www.regner.tech\/de\/#organization"},"potentialAction":[{"@type":"SearchAction","target":{"@type":"EntryPoint","urlTemplate":"https:\/\/www.regner.tech\/de\/?s={search_term_string}"},"query-input":{"@type":"PropertyValueSpecification","valueRequired":true,"valueName":"search_term_string"}}],"inLanguage":"de"},{"@type":"Organization","@id":"https:\/\/www.regner.tech\/de\/#organization","name":"REGNER\u00ae","url":"https:\/\/www.regner.tech\/de\/","logo":{"@type":"ImageObject","inLanguage":"de","@id":"https:\/\/www.regner.tech\/de\/#\/schema\/logo\/image\/","url":"https:\/\/www.regner.tech\/wp-content\/uploads\/2022\/05\/skin07s.header-logo-hd.png","contentUrl":"https:\/\/www.regner.tech\/wp-content\/uploads\/2022\/05\/skin07s.header-logo-hd.png","width":292,"height":56,"caption":"REGNER\u00ae"},"image":{"@id":"https:\/\/www.regner.tech\/de\/#\/schema\/logo\/image\/"}}]}},"_links":{"self":[{"href":"https:\/\/www.regner.tech\/de\/wp-json\/wp\/v2\/product\/13645"}],"collection":[{"href":"https:\/\/www.regner.tech\/de\/wp-json\/wp\/v2\/product"}],"about":[{"href":"https:\/\/www.regner.tech\/de\/wp-json\/wp\/v2\/types\/product"}],"replies":[{"embeddable":true,"href":"https:\/\/www.regner.tech\/de\/wp-json\/wp\/v2\/comments?post=13645"}],"wp:featuredmedia":[{"embeddable":true,"href":"https:\/\/www.regner.tech\/de\/wp-json\/wp\/v2\/media\/12197"}],"wp:attachment":[{"href":"https:\/\/www.regner.tech\/de\/wp-json\/wp\/v2\/media?parent=13645"}],"wp:term":[{"taxonomy":"product_cat","embeddable":true,"href":"https:\/\/www.regner.tech\/de\/wp-json\/wp\/v2\/product_cat?post=13645"},{"taxonomy":"product_tag","embeddable":true,"href":"https:\/\/www.regner.tech\/de\/wp-json\/wp\/v2\/product_tag?post=13645"},{"taxonomy":"carrera","embeddable":true,"href":"https:\/\/www.regner.tech\/de\/wp-json\/wp\/v2\/carrera?post=13645"},{"taxonomy":"control_de_posicion","embeddable":true,"href":"https:\/\/www.regner.tech\/de\/wp-json\/wp\/v2\/control_de_posicion?post=13645"},{"taxonomy":"voltaje","embeddable":true,"href":"https:\/\/www.regner.tech\/de\/wp-json\/wp\/v2\/voltaje?post=13645"},{"taxonomy":"fuerza_maxima","embeddable":true,"href":"https:\/\/www.regner.tech\/de\/wp-json\/wp\/v2\/fuerza_maxima?post=13645"},{"taxonomy":"velocidad_maxima","embeddable":true,"href":"https:\/\/www.regner.tech\/de\/wp-json\/wp\/v2\/velocidad_maxima?post=13645"}],"curies":[{"name":"wp","href":"https:\/\/api.w.org\/{rel}","templated":true}]}}