{"id":24326,"date":"2022-05-27T14:44:54","date_gmt":"2023-08-11T13:40:14","guid":{"rendered":"https:\/\/www.regner.tech\/producto\/ra-mini-df\/"},"modified":"2023-08-14T09:12:22","modified_gmt":"2023-08-14T07:12:22","slug":"ra-mini-df","status":"publish","type":"product","link":"https:\/\/www.regner.tech\/ca\/producte\/ra-mini-df\/","title":{"rendered":"RA-MINI DF"},"content":{"rendered":"<p>El RA-MINI DF \u00e9s l&#8217;opci\u00f3 ideal per a aplicacions ultra compactes que requereixen un prec\u00eds sistema de moviment lineal amb control de la posici\u00f3 digital. Amb alimentaci\u00f3 a <strong>24 VDC i codificador digital<\/strong>, el RA-MINI DF permet despla\u00e7ar de forma fiable i exacta c\u00e0rregues de <strong>fins a 70 N<\/strong>.<\/p>\n<p>L&#8217;alta efici\u00e8ncia del motor i la transmissi\u00f3 permeten que el micro actuador nom\u00e9s consumeixi <strong>44 mA a m\u00e0xima c\u00e0rrega<\/strong> i emet un <strong>m\u00ednim nivell sonor<\/strong>.<\/p>\n","protected":false},"excerpt":{"rendered":"<p>Compacte i amb <strong>control digital<\/strong><\/p>\n","protected":false},"featured_media":23578,"comment_status":"open","ping_status":"closed","template":"","meta":{"_acf_changed":false,"inline_featured_image":false},"product_cat":[411],"product_tag":[],"carrera":[419],"control_de_posicion":[360],"voltaje":[378],"fuerza_maxima":[404],"velocidad_maxima":[445],"class_list":{"0":"post-24326","1":"product","2":"type-product","3":"status-publish","4":"has-post-thumbnail","6":"product_cat-microactuadors-lineals","7":"carrera-30-mm","8":"control_de_posicion-codificador-digital-ca","9":"voltaje-24-vdc-ca","10":"fuerza_maxima-70-n","11":"velocidad_maxima-3-mm-s-ca","12":"entry","14":"first","15":"instock","16":"taxable","17":"shipping-taxable","18":"purchasable","19":"product-type-variable","20":"has-default-attributes"},"acf":[],"yoast_head":"<!-- This site is optimized with the Yoast SEO plugin v23.5 - https:\/\/yoast.com\/wordpress\/plugins\/seo\/ -->\n<title>RA-MINI DF | REGNER<\/title>\n<meta name=\"robots\" content=\"index, follow, max-snippet:-1, max-image-preview:large, max-video-preview:-1\" \/>\n<link rel=\"canonical\" href=\"https:\/\/www.regner.tech\/ca\/producte\/ra-mini-df\/\" \/>\n<meta property=\"og:locale\" content=\"ca_ES\" \/>\n<meta property=\"og:type\" content=\"article\" \/>\n<meta property=\"og:title\" content=\"RA-MINI DF | REGNER\" \/>\n<meta property=\"og:description\" content=\"Compacte i amb control digital\" \/>\n<meta property=\"og:url\" content=\"https:\/\/www.regner.tech\/ca\/producte\/ra-mini-df\/\" \/>\n<meta property=\"og:site_name\" content=\"REGNER\" \/>\n<meta property=\"article:modified_time\" content=\"2023-08-14T07:12:22+00:00\" \/>\n<meta property=\"og:image\" content=\"https:\/\/www.regner.tech\/wp-content\/uploads\/2922\/05\/ra-mini-24df-anim.png\" \/>\n\t<meta property=\"og:image:width\" content=\"822\" \/>\n\t<meta property=\"og:image:height\" content=\"375\" \/>\n\t<meta property=\"og:image:type\" content=\"image\/png\" \/>\n<meta name=\"twitter:card\" content=\"summary_large_image\" \/>\n<meta name=\"twitter:label1\" content=\"Temps estimat de lectura\" \/>\n\t<meta name=\"twitter:data1\" content=\"1 minut\" \/>\n<script type=\"application\/ld+json\" class=\"yoast-schema-graph\">{\"@context\":\"https:\/\/schema.org\",\"@graph\":[{\"@type\":\"WebPage\",\"@id\":\"https:\/\/www.regner.tech\/ca\/producte\/ra-mini-df\/\",\"url\":\"https:\/\/www.regner.tech\/ca\/producte\/ra-mini-df\/\",\"name\":\"RA-MINI DF | REGNER\",\"isPartOf\":{\"@id\":\"https:\/\/www.regner.tech\/ca\/#website\"},\"primaryImageOfPage\":{\"@id\":\"https:\/\/www.regner.tech\/ca\/producte\/ra-mini-df\/#primaryimage\"},\"image\":{\"@id\":\"https:\/\/www.regner.tech\/ca\/producte\/ra-mini-df\/#primaryimage\"},\"thumbnailUrl\":\"https:\/\/www.regner.tech\/wp-content\/uploads\/2922\/05\/ra-mini-24df-anim.png\",\"datePublished\":\"2023-08-11T13:40:14+00:00\",\"dateModified\":\"2023-08-14T07:12:22+00:00\",\"breadcrumb\":{\"@id\":\"https:\/\/www.regner.tech\/ca\/producte\/ra-mini-df\/#breadcrumb\"},\"inLanguage\":\"ca\",\"potentialAction\":[{\"@type\":\"ReadAction\",\"target\":[\"https:\/\/www.regner.tech\/ca\/producte\/ra-mini-df\/\"]}]},{\"@type\":\"ImageObject\",\"inLanguage\":\"ca\",\"@id\":\"https:\/\/www.regner.tech\/ca\/producte\/ra-mini-df\/#primaryimage\",\"url\":\"https:\/\/www.regner.tech\/wp-content\/uploads\/2922\/05\/ra-mini-24df-anim.png\",\"contentUrl\":\"https:\/\/www.regner.tech\/wp-content\/uploads\/2922\/05\/ra-mini-24df-anim.png\",\"width\":822,\"height\":375},{\"@type\":\"BreadcrumbList\",\"@id\":\"https:\/\/www.regner.tech\/ca\/producte\/ra-mini-df\/#breadcrumb\",\"itemListElement\":[{\"@type\":\"ListItem\",\"position\":1,\"name\":\"Portada\",\"item\":\"https:\/\/www.regner.tech\/ca\/\"},{\"@type\":\"ListItem\",\"position\":2,\"name\":\"Tienda\",\"item\":\"https:\/\/www.regner.tech\/?page_id=332\"},{\"@type\":\"ListItem\",\"position\":3,\"name\":\"RA-MINI DF\"}]},{\"@type\":\"WebSite\",\"@id\":\"https:\/\/www.regner.tech\/ca\/#website\",\"url\":\"https:\/\/www.regner.tech\/ca\/\",\"name\":\"REGNER\",\"description\":\"Soluciones avanzadas de movimiento lineal\",\"publisher\":{\"@id\":\"https:\/\/www.regner.tech\/ca\/#organization\"},\"potentialAction\":[{\"@type\":\"SearchAction\",\"target\":{\"@type\":\"EntryPoint\",\"urlTemplate\":\"https:\/\/www.regner.tech\/ca\/?s={search_term_string}\"},\"query-input\":{\"@type\":\"PropertyValueSpecification\",\"valueRequired\":true,\"valueName\":\"search_term_string\"}}],\"inLanguage\":\"ca\"},{\"@type\":\"Organization\",\"@id\":\"https:\/\/www.regner.tech\/ca\/#organization\",\"name\":\"REGNER\u00ae\",\"url\":\"https:\/\/www.regner.tech\/ca\/\",\"logo\":{\"@type\":\"ImageObject\",\"inLanguage\":\"ca\",\"@id\":\"https:\/\/www.regner.tech\/ca\/#\/schema\/logo\/image\/\",\"url\":\"https:\/\/www.regner.tech\/wp-content\/uploads\/2022\/05\/skin07s.header-logo-hd.png\",\"contentUrl\":\"https:\/\/www.regner.tech\/wp-content\/uploads\/2022\/05\/skin07s.header-logo-hd.png\",\"width\":292,\"height\":56,\"caption\":\"REGNER\u00ae\"},\"image\":{\"@id\":\"https:\/\/www.regner.tech\/ca\/#\/schema\/logo\/image\/\"}}]}<\/script>\n<!-- \/ Yoast SEO plugin. -->","yoast_head_json":{"title":"RA-MINI DF | REGNER","robots":{"index":"index","follow":"follow","max-snippet":"max-snippet:-1","max-image-preview":"max-image-preview:large","max-video-preview":"max-video-preview:-1"},"canonical":"https:\/\/www.regner.tech\/ca\/producte\/ra-mini-df\/","og_locale":"ca_ES","og_type":"article","og_title":"RA-MINI DF | REGNER","og_description":"Compacte i amb control digital","og_url":"https:\/\/www.regner.tech\/ca\/producte\/ra-mini-df\/","og_site_name":"REGNER","article_modified_time":"2023-08-14T07:12:22+00:00","og_image":[{"width":822,"height":375,"url":"https:\/\/www.regner.tech\/wp-content\/uploads\/2922\/05\/ra-mini-24df-anim.png","type":"image\/png"}],"twitter_card":"summary_large_image","twitter_misc":{"Temps estimat de lectura":"1 minut"},"schema":{"@context":"https:\/\/schema.org","@graph":[{"@type":"WebPage","@id":"https:\/\/www.regner.tech\/ca\/producte\/ra-mini-df\/","url":"https:\/\/www.regner.tech\/ca\/producte\/ra-mini-df\/","name":"RA-MINI DF | REGNER","isPartOf":{"@id":"https:\/\/www.regner.tech\/ca\/#website"},"primaryImageOfPage":{"@id":"https:\/\/www.regner.tech\/ca\/producte\/ra-mini-df\/#primaryimage"},"image":{"@id":"https:\/\/www.regner.tech\/ca\/producte\/ra-mini-df\/#primaryimage"},"thumbnailUrl":"https:\/\/www.regner.tech\/wp-content\/uploads\/2922\/05\/ra-mini-24df-anim.png","datePublished":"2023-08-11T13:40:14+00:00","dateModified":"2023-08-14T07:12:22+00:00","breadcrumb":{"@id":"https:\/\/www.regner.tech\/ca\/producte\/ra-mini-df\/#breadcrumb"},"inLanguage":"ca","potentialAction":[{"@type":"ReadAction","target":["https:\/\/www.regner.tech\/ca\/producte\/ra-mini-df\/"]}]},{"@type":"ImageObject","inLanguage":"ca","@id":"https:\/\/www.regner.tech\/ca\/producte\/ra-mini-df\/#primaryimage","url":"https:\/\/www.regner.tech\/wp-content\/uploads\/2922\/05\/ra-mini-24df-anim.png","contentUrl":"https:\/\/www.regner.tech\/wp-content\/uploads\/2922\/05\/ra-mini-24df-anim.png","width":822,"height":375},{"@type":"BreadcrumbList","@id":"https:\/\/www.regner.tech\/ca\/producte\/ra-mini-df\/#breadcrumb","itemListElement":[{"@type":"ListItem","position":1,"name":"Portada","item":"https:\/\/www.regner.tech\/ca\/"},{"@type":"ListItem","position":2,"name":"Tienda","item":"https:\/\/www.regner.tech\/?page_id=332"},{"@type":"ListItem","position":3,"name":"RA-MINI DF"}]},{"@type":"WebSite","@id":"https:\/\/www.regner.tech\/ca\/#website","url":"https:\/\/www.regner.tech\/ca\/","name":"REGNER","description":"Soluciones avanzadas de movimiento lineal","publisher":{"@id":"https:\/\/www.regner.tech\/ca\/#organization"},"potentialAction":[{"@type":"SearchAction","target":{"@type":"EntryPoint","urlTemplate":"https:\/\/www.regner.tech\/ca\/?s={search_term_string}"},"query-input":{"@type":"PropertyValueSpecification","valueRequired":true,"valueName":"search_term_string"}}],"inLanguage":"ca"},{"@type":"Organization","@id":"https:\/\/www.regner.tech\/ca\/#organization","name":"REGNER\u00ae","url":"https:\/\/www.regner.tech\/ca\/","logo":{"@type":"ImageObject","inLanguage":"ca","@id":"https:\/\/www.regner.tech\/ca\/#\/schema\/logo\/image\/","url":"https:\/\/www.regner.tech\/wp-content\/uploads\/2022\/05\/skin07s.header-logo-hd.png","contentUrl":"https:\/\/www.regner.tech\/wp-content\/uploads\/2022\/05\/skin07s.header-logo-hd.png","width":292,"height":56,"caption":"REGNER\u00ae"},"image":{"@id":"https:\/\/www.regner.tech\/ca\/#\/schema\/logo\/image\/"}}]}},"_links":{"self":[{"href":"https:\/\/www.regner.tech\/ca\/wp-json\/wp\/v2\/product\/24326"}],"collection":[{"href":"https:\/\/www.regner.tech\/ca\/wp-json\/wp\/v2\/product"}],"about":[{"href":"https:\/\/www.regner.tech\/ca\/wp-json\/wp\/v2\/types\/product"}],"replies":[{"embeddable":true,"href":"https:\/\/www.regner.tech\/ca\/wp-json\/wp\/v2\/comments?post=24326"}],"wp:featuredmedia":[{"embeddable":true,"href":"https:\/\/www.regner.tech\/ca\/wp-json\/wp\/v2\/media\/23578"}],"wp:attachment":[{"href":"https:\/\/www.regner.tech\/ca\/wp-json\/wp\/v2\/media?parent=24326"}],"wp:term":[{"taxonomy":"product_cat","embeddable":true,"href":"https:\/\/www.regner.tech\/ca\/wp-json\/wp\/v2\/product_cat?post=24326"},{"taxonomy":"product_tag","embeddable":true,"href":"https:\/\/www.regner.tech\/ca\/wp-json\/wp\/v2\/product_tag?post=24326"},{"taxonomy":"carrera","embeddable":true,"href":"https:\/\/www.regner.tech\/ca\/wp-json\/wp\/v2\/carrera?post=24326"},{"taxonomy":"control_de_posicion","embeddable":true,"href":"https:\/\/www.regner.tech\/ca\/wp-json\/wp\/v2\/control_de_posicion?post=24326"},{"taxonomy":"voltaje","embeddable":true,"href":"https:\/\/www.regner.tech\/ca\/wp-json\/wp\/v2\/voltaje?post=24326"},{"taxonomy":"fuerza_maxima","embeddable":true,"href":"https:\/\/www.regner.tech\/ca\/wp-json\/wp\/v2\/fuerza_maxima?post=24326"},{"taxonomy":"velocidad_maxima","embeddable":true,"href":"https:\/\/www.regner.tech\/ca\/wp-json\/wp\/v2\/velocidad_maxima?post=24326"}],"curies":[{"name":"wp","href":"https:\/\/api.w.org\/{rel}","templated":true}]}}