{"id":24321,"date":"2021-09-05T12:10:18","date_gmt":"2023-08-11T13:40:11","guid":{"rendered":"https:\/\/www.regner.tech\/producto\/ra-47\/"},"modified":"2023-08-14T09:12:28","modified_gmt":"2023-08-14T07:12:28","slug":"ra-47","status":"publish","type":"product","link":"https:\/\/www.regner.tech\/ca\/producte\/ra-47\/","title":{"rendered":"RA-47"},"content":{"rendered":"<p>El RA-47 \u00e9s un actuador de disseny robust que compta amb un <strong>prec\u00eds sistema de control de la posici\u00f3<\/strong>. Amb una capacitat de c\u00e0rrega m\u00e0xima de 2.500 N, \u00e9s \u00fanic en la seva categoria ja que ofereix una \u00e0mplia gamma de prestacions en una configuraci\u00f3 amb un motor en l\u00ednia: opcions de <strong>control anal\u00f2gic o digital<\/strong> de la posici\u00f3, interruptors de fi de carrera integrats i un elevat grau de protecci\u00f3 contra s\u00f2lids i l\u00edquids.<\/p>\n","protected":false},"excerpt":{"rendered":"<p>Disseny robust i opcions de posicionament <strong>an\u00e0logic o digital<\/strong><\/p>\n","protected":false},"featured_media":22402,"comment_status":"open","ping_status":"closed","template":"","meta":{"_acf_changed":false,"inline_featured_image":false},"product_cat":[376],"product_tag":[],"carrera":[418],"control_de_posicion":[360,383,382],"voltaje":[378],"fuerza_maxima":[384],"velocidad_maxima":[441],"class_list":{"0":"post-24321","1":"product","2":"type-product","3":"status-publish","4":"has-post-thumbnail","6":"product_cat-actuadors-lineals","7":"carrera-100-mm-ca","8":"control_de_posicion-codificador-digital-ca","9":"control_de_posicion-interruptors-de-final-de-carrera","10":"control_de_posicion-potenciometre","11":"voltaje-24-vdc-ca","12":"fuerza_maxima-2-500-n","13":"velocidad_maxima-35-mm-s-ca","14":"entry","16":"first","17":"outofstock","18":"taxable","19":"shipping-taxable","20":"purchasable","21":"product-type-variable"},"acf":[],"yoast_head":"<!-- This site is optimized with the Yoast SEO plugin v23.5 - https:\/\/yoast.com\/wordpress\/plugins\/seo\/ -->\n<title>RA-47 | REGNER<\/title>\n<meta name=\"robots\" content=\"index, follow, max-snippet:-1, max-image-preview:large, max-video-preview:-1\" \/>\n<link rel=\"canonical\" href=\"https:\/\/www.regner.tech\/ca\/producte\/ra-47\/\" \/>\n<meta property=\"og:locale\" content=\"ca_ES\" \/>\n<meta property=\"og:type\" content=\"article\" \/>\n<meta property=\"og:title\" content=\"RA-47 | REGNER\" \/>\n<meta property=\"og:description\" content=\"Disseny robust i opcions de posicionament an\u00e0logic o digital\" \/>\n<meta property=\"og:url\" content=\"https:\/\/www.regner.tech\/ca\/producte\/ra-47\/\" \/>\n<meta property=\"og:site_name\" content=\"REGNER\" \/>\n<meta property=\"article:modified_time\" content=\"2023-08-14T07:12:28+00:00\" \/>\n<meta property=\"og:image\" content=\"https:\/\/www.regner.tech\/wp-content\/uploads\/2021\/09\/RA47-LINEAR-ACTUATOR-animation-c.png\" \/>\n\t<meta property=\"og:image:width\" content=\"1200\" \/>\n\t<meta property=\"og:image:height\" content=\"541\" \/>\n\t<meta property=\"og:image:type\" content=\"image\/png\" \/>\n<meta name=\"twitter:card\" content=\"summary_large_image\" \/>\n<meta name=\"twitter:label1\" content=\"Temps estimat de lectura\" \/>\n\t<meta name=\"twitter:data1\" content=\"1 minut\" \/>\n<script type=\"application\/ld+json\" class=\"yoast-schema-graph\">{\"@context\":\"https:\/\/schema.org\",\"@graph\":[{\"@type\":\"WebPage\",\"@id\":\"https:\/\/www.regner.tech\/ca\/producte\/ra-47\/\",\"url\":\"https:\/\/www.regner.tech\/ca\/producte\/ra-47\/\",\"name\":\"RA-47 | REGNER\",\"isPartOf\":{\"@id\":\"https:\/\/www.regner.tech\/ca\/#website\"},\"primaryImageOfPage\":{\"@id\":\"https:\/\/www.regner.tech\/ca\/producte\/ra-47\/#primaryimage\"},\"image\":{\"@id\":\"https:\/\/www.regner.tech\/ca\/producte\/ra-47\/#primaryimage\"},\"thumbnailUrl\":\"https:\/\/www.regner.tech\/wp-content\/uploads\/2021\/09\/RA47-LINEAR-ACTUATOR-animation-c.png\",\"datePublished\":\"2023-08-11T13:40:11+00:00\",\"dateModified\":\"2023-08-14T07:12:28+00:00\",\"breadcrumb\":{\"@id\":\"https:\/\/www.regner.tech\/ca\/producte\/ra-47\/#breadcrumb\"},\"inLanguage\":\"ca\",\"potentialAction\":[{\"@type\":\"ReadAction\",\"target\":[\"https:\/\/www.regner.tech\/ca\/producte\/ra-47\/\"]}]},{\"@type\":\"ImageObject\",\"inLanguage\":\"ca\",\"@id\":\"https:\/\/www.regner.tech\/ca\/producte\/ra-47\/#primaryimage\",\"url\":\"https:\/\/www.regner.tech\/wp-content\/uploads\/2021\/09\/RA47-LINEAR-ACTUATOR-animation-c.png\",\"contentUrl\":\"https:\/\/www.regner.tech\/wp-content\/uploads\/2021\/09\/RA47-LINEAR-ACTUATOR-animation-c.png\",\"width\":1200,\"height\":541},{\"@type\":\"BreadcrumbList\",\"@id\":\"https:\/\/www.regner.tech\/ca\/producte\/ra-47\/#breadcrumb\",\"itemListElement\":[{\"@type\":\"ListItem\",\"position\":1,\"name\":\"Portada\",\"item\":\"https:\/\/www.regner.tech\/ca\/\"},{\"@type\":\"ListItem\",\"position\":2,\"name\":\"Tienda\",\"item\":\"https:\/\/www.regner.tech\/?page_id=332\"},{\"@type\":\"ListItem\",\"position\":3,\"name\":\"RA-47\"}]},{\"@type\":\"WebSite\",\"@id\":\"https:\/\/www.regner.tech\/ca\/#website\",\"url\":\"https:\/\/www.regner.tech\/ca\/\",\"name\":\"REGNER\",\"description\":\"Soluciones avanzadas de movimiento lineal\",\"publisher\":{\"@id\":\"https:\/\/www.regner.tech\/ca\/#organization\"},\"potentialAction\":[{\"@type\":\"SearchAction\",\"target\":{\"@type\":\"EntryPoint\",\"urlTemplate\":\"https:\/\/www.regner.tech\/ca\/?s={search_term_string}\"},\"query-input\":{\"@type\":\"PropertyValueSpecification\",\"valueRequired\":true,\"valueName\":\"search_term_string\"}}],\"inLanguage\":\"ca\"},{\"@type\":\"Organization\",\"@id\":\"https:\/\/www.regner.tech\/ca\/#organization\",\"name\":\"REGNER\u00ae\",\"url\":\"https:\/\/www.regner.tech\/ca\/\",\"logo\":{\"@type\":\"ImageObject\",\"inLanguage\":\"ca\",\"@id\":\"https:\/\/www.regner.tech\/ca\/#\/schema\/logo\/image\/\",\"url\":\"https:\/\/www.regner.tech\/wp-content\/uploads\/2022\/05\/skin07s.header-logo-hd.png\",\"contentUrl\":\"https:\/\/www.regner.tech\/wp-content\/uploads\/2022\/05\/skin07s.header-logo-hd.png\",\"width\":292,\"height\":56,\"caption\":\"REGNER\u00ae\"},\"image\":{\"@id\":\"https:\/\/www.regner.tech\/ca\/#\/schema\/logo\/image\/\"}}]}<\/script>\n<!-- \/ Yoast SEO plugin. -->","yoast_head_json":{"title":"RA-47 | REGNER","robots":{"index":"index","follow":"follow","max-snippet":"max-snippet:-1","max-image-preview":"max-image-preview:large","max-video-preview":"max-video-preview:-1"},"canonical":"https:\/\/www.regner.tech\/ca\/producte\/ra-47\/","og_locale":"ca_ES","og_type":"article","og_title":"RA-47 | REGNER","og_description":"Disseny robust i opcions de posicionament an\u00e0logic o digital","og_url":"https:\/\/www.regner.tech\/ca\/producte\/ra-47\/","og_site_name":"REGNER","article_modified_time":"2023-08-14T07:12:28+00:00","og_image":[{"width":1200,"height":541,"url":"https:\/\/www.regner.tech\/wp-content\/uploads\/2021\/09\/RA47-LINEAR-ACTUATOR-animation-c.png","type":"image\/png"}],"twitter_card":"summary_large_image","twitter_misc":{"Temps estimat de lectura":"1 minut"},"schema":{"@context":"https:\/\/schema.org","@graph":[{"@type":"WebPage","@id":"https:\/\/www.regner.tech\/ca\/producte\/ra-47\/","url":"https:\/\/www.regner.tech\/ca\/producte\/ra-47\/","name":"RA-47 | REGNER","isPartOf":{"@id":"https:\/\/www.regner.tech\/ca\/#website"},"primaryImageOfPage":{"@id":"https:\/\/www.regner.tech\/ca\/producte\/ra-47\/#primaryimage"},"image":{"@id":"https:\/\/www.regner.tech\/ca\/producte\/ra-47\/#primaryimage"},"thumbnailUrl":"https:\/\/www.regner.tech\/wp-content\/uploads\/2021\/09\/RA47-LINEAR-ACTUATOR-animation-c.png","datePublished":"2023-08-11T13:40:11+00:00","dateModified":"2023-08-14T07:12:28+00:00","breadcrumb":{"@id":"https:\/\/www.regner.tech\/ca\/producte\/ra-47\/#breadcrumb"},"inLanguage":"ca","potentialAction":[{"@type":"ReadAction","target":["https:\/\/www.regner.tech\/ca\/producte\/ra-47\/"]}]},{"@type":"ImageObject","inLanguage":"ca","@id":"https:\/\/www.regner.tech\/ca\/producte\/ra-47\/#primaryimage","url":"https:\/\/www.regner.tech\/wp-content\/uploads\/2021\/09\/RA47-LINEAR-ACTUATOR-animation-c.png","contentUrl":"https:\/\/www.regner.tech\/wp-content\/uploads\/2021\/09\/RA47-LINEAR-ACTUATOR-animation-c.png","width":1200,"height":541},{"@type":"BreadcrumbList","@id":"https:\/\/www.regner.tech\/ca\/producte\/ra-47\/#breadcrumb","itemListElement":[{"@type":"ListItem","position":1,"name":"Portada","item":"https:\/\/www.regner.tech\/ca\/"},{"@type":"ListItem","position":2,"name":"Tienda","item":"https:\/\/www.regner.tech\/?page_id=332"},{"@type":"ListItem","position":3,"name":"RA-47"}]},{"@type":"WebSite","@id":"https:\/\/www.regner.tech\/ca\/#website","url":"https:\/\/www.regner.tech\/ca\/","name":"REGNER","description":"Soluciones avanzadas de movimiento lineal","publisher":{"@id":"https:\/\/www.regner.tech\/ca\/#organization"},"potentialAction":[{"@type":"SearchAction","target":{"@type":"EntryPoint","urlTemplate":"https:\/\/www.regner.tech\/ca\/?s={search_term_string}"},"query-input":{"@type":"PropertyValueSpecification","valueRequired":true,"valueName":"search_term_string"}}],"inLanguage":"ca"},{"@type":"Organization","@id":"https:\/\/www.regner.tech\/ca\/#organization","name":"REGNER\u00ae","url":"https:\/\/www.regner.tech\/ca\/","logo":{"@type":"ImageObject","inLanguage":"ca","@id":"https:\/\/www.regner.tech\/ca\/#\/schema\/logo\/image\/","url":"https:\/\/www.regner.tech\/wp-content\/uploads\/2022\/05\/skin07s.header-logo-hd.png","contentUrl":"https:\/\/www.regner.tech\/wp-content\/uploads\/2022\/05\/skin07s.header-logo-hd.png","width":292,"height":56,"caption":"REGNER\u00ae"},"image":{"@id":"https:\/\/www.regner.tech\/ca\/#\/schema\/logo\/image\/"}}]}},"_links":{"self":[{"href":"https:\/\/www.regner.tech\/ca\/wp-json\/wp\/v2\/product\/24321"}],"collection":[{"href":"https:\/\/www.regner.tech\/ca\/wp-json\/wp\/v2\/product"}],"about":[{"href":"https:\/\/www.regner.tech\/ca\/wp-json\/wp\/v2\/types\/product"}],"replies":[{"embeddable":true,"href":"https:\/\/www.regner.tech\/ca\/wp-json\/wp\/v2\/comments?post=24321"}],"wp:featuredmedia":[{"embeddable":true,"href":"https:\/\/www.regner.tech\/ca\/wp-json\/wp\/v2\/media\/22402"}],"wp:attachment":[{"href":"https:\/\/www.regner.tech\/ca\/wp-json\/wp\/v2\/media?parent=24321"}],"wp:term":[{"taxonomy":"product_cat","embeddable":true,"href":"https:\/\/www.regner.tech\/ca\/wp-json\/wp\/v2\/product_cat?post=24321"},{"taxonomy":"product_tag","embeddable":true,"href":"https:\/\/www.regner.tech\/ca\/wp-json\/wp\/v2\/product_tag?post=24321"},{"taxonomy":"carrera","embeddable":true,"href":"https:\/\/www.regner.tech\/ca\/wp-json\/wp\/v2\/carrera?post=24321"},{"taxonomy":"control_de_posicion","embeddable":true,"href":"https:\/\/www.regner.tech\/ca\/wp-json\/wp\/v2\/control_de_posicion?post=24321"},{"taxonomy":"voltaje","embeddable":true,"href":"https:\/\/www.regner.tech\/ca\/wp-json\/wp\/v2\/voltaje?post=24321"},{"taxonomy":"fuerza_maxima","embeddable":true,"href":"https:\/\/www.regner.tech\/ca\/wp-json\/wp\/v2\/fuerza_maxima?post=24321"},{"taxonomy":"velocidad_maxima","embeddable":true,"href":"https:\/\/www.regner.tech\/ca\/wp-json\/wp\/v2\/velocidad_maxima?post=24321"}],"curies":[{"name":"wp","href":"https:\/\/api.w.org\/{rel}","templated":true}]}}