{"id":24319,"date":"2021-09-04T11:55:22","date_gmt":"2023-08-11T13:40:06","guid":{"rendered":"https:\/\/www.regner.tech\/producto\/ra-47x\/"},"modified":"2023-08-14T09:12:32","modified_gmt":"2023-08-14T07:12:32","slug":"ra47x","status":"publish","type":"product","link":"https:\/\/www.regner.tech\/ca\/producte\/ra47x\/","title":{"rendered":"RA-47X"},"content":{"rendered":"<p>El RA-47X s&#8217;ha convertit en un actuador lineal de refer\u00e8ncia per la densitat de pot\u00e8ncia i el gran rendiment.<\/p>\n<p>Aquest actuador de <strong>alta velocitat<\/strong>, que arriba als <strong>70 mm\/s<\/strong>, compta amb un motor d&#8217;imants permanent de 12 VDC i una <strong> claveguera de boles<\/strong> que converteix el moviment de rotaci\u00f3 en moviment lineal amb poques p\u00e8rdues per fricci\u00f3, cosa que es tradueix en una elevada efici\u00e8ncia electromec\u00e0nica. En repartir l&#8217;esfor\u00e7 entre diverses boles, la claveguera \u00e9s capa\u00e7 de resistir c\u00e0rregues d&#8217;empenta de fins a <strong> 1.000 N.<\/strong><\/p>\n","protected":false},"excerpt":{"rendered":"<p>De moviments curts <strong>per a alta velocitat<\/strong><\/p>\n","protected":false},"featured_media":22391,"comment_status":"open","ping_status":"closed","template":"","meta":{"_acf_changed":false,"inline_featured_image":false},"product_cat":[376],"product_tag":[],"carrera":[379],"control_de_posicion":[360,383],"voltaje":[413],"fuerza_maxima":[436],"velocidad_maxima":[437],"class_list":{"0":"post-24319","1":"product","2":"type-product","3":"status-publish","4":"has-post-thumbnail","6":"product_cat-actuadors-lineals","7":"carrera-50-mm","8":"control_de_posicion-codificador-digital-ca","9":"control_de_posicion-interruptors-de-final-de-carrera","10":"voltaje-12-vdc-ca","11":"fuerza_maxima-1-000-n","12":"velocidad_maxima-70-mm-s-ca","13":"entry","15":"first","16":"instock","17":"taxable","18":"shipping-taxable","19":"purchasable","20":"product-type-variable"},"acf":[],"yoast_head":"<!-- This site is optimized with the Yoast SEO plugin v23.5 - https:\/\/yoast.com\/wordpress\/plugins\/seo\/ -->\n<title>RA-47X | REGNER<\/title>\n<meta name=\"robots\" content=\"index, follow, max-snippet:-1, max-image-preview:large, max-video-preview:-1\" \/>\n<link rel=\"canonical\" href=\"https:\/\/www.regner.tech\/ca\/producte\/ra47x\/\" \/>\n<meta property=\"og:locale\" content=\"ca_ES\" \/>\n<meta property=\"og:type\" content=\"article\" \/>\n<meta property=\"og:title\" content=\"RA-47X | REGNER\" \/>\n<meta property=\"og:description\" content=\"De moviments curts per a alta velocitat\" \/>\n<meta property=\"og:url\" content=\"https:\/\/www.regner.tech\/ca\/producte\/ra47x\/\" \/>\n<meta property=\"og:site_name\" content=\"REGNER\" \/>\n<meta property=\"article:modified_time\" content=\"2023-08-14T07:12:32+00:00\" \/>\n<meta property=\"og:image\" content=\"https:\/\/www.regner.tech\/wp-content\/uploads\/2021\/09\/animated-RA47X-2-c.png\" \/>\n\t<meta property=\"og:image:width\" content=\"1200\" \/>\n\t<meta property=\"og:image:height\" content=\"600\" \/>\n\t<meta property=\"og:image:type\" content=\"image\/png\" \/>\n<meta name=\"twitter:card\" content=\"summary_large_image\" \/>\n<meta name=\"twitter:label1\" content=\"Temps estimat de lectura\" \/>\n\t<meta name=\"twitter:data1\" content=\"1 minut\" \/>\n<script type=\"application\/ld+json\" class=\"yoast-schema-graph\">{\"@context\":\"https:\/\/schema.org\",\"@graph\":[{\"@type\":\"WebPage\",\"@id\":\"https:\/\/www.regner.tech\/ca\/producte\/ra47x\/\",\"url\":\"https:\/\/www.regner.tech\/ca\/producte\/ra47x\/\",\"name\":\"RA-47X | REGNER\",\"isPartOf\":{\"@id\":\"https:\/\/www.regner.tech\/ca\/#website\"},\"primaryImageOfPage\":{\"@id\":\"https:\/\/www.regner.tech\/ca\/producte\/ra47x\/#primaryimage\"},\"image\":{\"@id\":\"https:\/\/www.regner.tech\/ca\/producte\/ra47x\/#primaryimage\"},\"thumbnailUrl\":\"https:\/\/www.regner.tech\/wp-content\/uploads\/2021\/09\/animated-RA47X-2-c.png\",\"datePublished\":\"2023-08-11T13:40:06+00:00\",\"dateModified\":\"2023-08-14T07:12:32+00:00\",\"breadcrumb\":{\"@id\":\"https:\/\/www.regner.tech\/ca\/producte\/ra47x\/#breadcrumb\"},\"inLanguage\":\"ca\",\"potentialAction\":[{\"@type\":\"ReadAction\",\"target\":[\"https:\/\/www.regner.tech\/ca\/producte\/ra47x\/\"]}]},{\"@type\":\"ImageObject\",\"inLanguage\":\"ca\",\"@id\":\"https:\/\/www.regner.tech\/ca\/producte\/ra47x\/#primaryimage\",\"url\":\"https:\/\/www.regner.tech\/wp-content\/uploads\/2021\/09\/animated-RA47X-2-c.png\",\"contentUrl\":\"https:\/\/www.regner.tech\/wp-content\/uploads\/2021\/09\/animated-RA47X-2-c.png\",\"width\":1200,\"height\":600},{\"@type\":\"BreadcrumbList\",\"@id\":\"https:\/\/www.regner.tech\/ca\/producte\/ra47x\/#breadcrumb\",\"itemListElement\":[{\"@type\":\"ListItem\",\"position\":1,\"name\":\"Portada\",\"item\":\"https:\/\/www.regner.tech\/ca\/\"},{\"@type\":\"ListItem\",\"position\":2,\"name\":\"Tienda\",\"item\":\"https:\/\/www.regner.tech\/?page_id=332\"},{\"@type\":\"ListItem\",\"position\":3,\"name\":\"RA-47X\"}]},{\"@type\":\"WebSite\",\"@id\":\"https:\/\/www.regner.tech\/ca\/#website\",\"url\":\"https:\/\/www.regner.tech\/ca\/\",\"name\":\"REGNER\",\"description\":\"Soluciones avanzadas de movimiento lineal\",\"publisher\":{\"@id\":\"https:\/\/www.regner.tech\/ca\/#organization\"},\"potentialAction\":[{\"@type\":\"SearchAction\",\"target\":{\"@type\":\"EntryPoint\",\"urlTemplate\":\"https:\/\/www.regner.tech\/ca\/?s={search_term_string}\"},\"query-input\":{\"@type\":\"PropertyValueSpecification\",\"valueRequired\":true,\"valueName\":\"search_term_string\"}}],\"inLanguage\":\"ca\"},{\"@type\":\"Organization\",\"@id\":\"https:\/\/www.regner.tech\/ca\/#organization\",\"name\":\"REGNER\u00ae\",\"url\":\"https:\/\/www.regner.tech\/ca\/\",\"logo\":{\"@type\":\"ImageObject\",\"inLanguage\":\"ca\",\"@id\":\"https:\/\/www.regner.tech\/ca\/#\/schema\/logo\/image\/\",\"url\":\"https:\/\/www.regner.tech\/wp-content\/uploads\/2022\/05\/skin07s.header-logo-hd.png\",\"contentUrl\":\"https:\/\/www.regner.tech\/wp-content\/uploads\/2022\/05\/skin07s.header-logo-hd.png\",\"width\":292,\"height\":56,\"caption\":\"REGNER\u00ae\"},\"image\":{\"@id\":\"https:\/\/www.regner.tech\/ca\/#\/schema\/logo\/image\/\"}}]}<\/script>\n<!-- \/ Yoast SEO plugin. -->","yoast_head_json":{"title":"RA-47X | REGNER","robots":{"index":"index","follow":"follow","max-snippet":"max-snippet:-1","max-image-preview":"max-image-preview:large","max-video-preview":"max-video-preview:-1"},"canonical":"https:\/\/www.regner.tech\/ca\/producte\/ra47x\/","og_locale":"ca_ES","og_type":"article","og_title":"RA-47X | REGNER","og_description":"De moviments curts per a alta velocitat","og_url":"https:\/\/www.regner.tech\/ca\/producte\/ra47x\/","og_site_name":"REGNER","article_modified_time":"2023-08-14T07:12:32+00:00","og_image":[{"width":1200,"height":600,"url":"https:\/\/www.regner.tech\/wp-content\/uploads\/2021\/09\/animated-RA47X-2-c.png","type":"image\/png"}],"twitter_card":"summary_large_image","twitter_misc":{"Temps estimat de lectura":"1 minut"},"schema":{"@context":"https:\/\/schema.org","@graph":[{"@type":"WebPage","@id":"https:\/\/www.regner.tech\/ca\/producte\/ra47x\/","url":"https:\/\/www.regner.tech\/ca\/producte\/ra47x\/","name":"RA-47X | REGNER","isPartOf":{"@id":"https:\/\/www.regner.tech\/ca\/#website"},"primaryImageOfPage":{"@id":"https:\/\/www.regner.tech\/ca\/producte\/ra47x\/#primaryimage"},"image":{"@id":"https:\/\/www.regner.tech\/ca\/producte\/ra47x\/#primaryimage"},"thumbnailUrl":"https:\/\/www.regner.tech\/wp-content\/uploads\/2021\/09\/animated-RA47X-2-c.png","datePublished":"2023-08-11T13:40:06+00:00","dateModified":"2023-08-14T07:12:32+00:00","breadcrumb":{"@id":"https:\/\/www.regner.tech\/ca\/producte\/ra47x\/#breadcrumb"},"inLanguage":"ca","potentialAction":[{"@type":"ReadAction","target":["https:\/\/www.regner.tech\/ca\/producte\/ra47x\/"]}]},{"@type":"ImageObject","inLanguage":"ca","@id":"https:\/\/www.regner.tech\/ca\/producte\/ra47x\/#primaryimage","url":"https:\/\/www.regner.tech\/wp-content\/uploads\/2021\/09\/animated-RA47X-2-c.png","contentUrl":"https:\/\/www.regner.tech\/wp-content\/uploads\/2021\/09\/animated-RA47X-2-c.png","width":1200,"height":600},{"@type":"BreadcrumbList","@id":"https:\/\/www.regner.tech\/ca\/producte\/ra47x\/#breadcrumb","itemListElement":[{"@type":"ListItem","position":1,"name":"Portada","item":"https:\/\/www.regner.tech\/ca\/"},{"@type":"ListItem","position":2,"name":"Tienda","item":"https:\/\/www.regner.tech\/?page_id=332"},{"@type":"ListItem","position":3,"name":"RA-47X"}]},{"@type":"WebSite","@id":"https:\/\/www.regner.tech\/ca\/#website","url":"https:\/\/www.regner.tech\/ca\/","name":"REGNER","description":"Soluciones avanzadas de movimiento lineal","publisher":{"@id":"https:\/\/www.regner.tech\/ca\/#organization"},"potentialAction":[{"@type":"SearchAction","target":{"@type":"EntryPoint","urlTemplate":"https:\/\/www.regner.tech\/ca\/?s={search_term_string}"},"query-input":{"@type":"PropertyValueSpecification","valueRequired":true,"valueName":"search_term_string"}}],"inLanguage":"ca"},{"@type":"Organization","@id":"https:\/\/www.regner.tech\/ca\/#organization","name":"REGNER\u00ae","url":"https:\/\/www.regner.tech\/ca\/","logo":{"@type":"ImageObject","inLanguage":"ca","@id":"https:\/\/www.regner.tech\/ca\/#\/schema\/logo\/image\/","url":"https:\/\/www.regner.tech\/wp-content\/uploads\/2022\/05\/skin07s.header-logo-hd.png","contentUrl":"https:\/\/www.regner.tech\/wp-content\/uploads\/2022\/05\/skin07s.header-logo-hd.png","width":292,"height":56,"caption":"REGNER\u00ae"},"image":{"@id":"https:\/\/www.regner.tech\/ca\/#\/schema\/logo\/image\/"}}]}},"_links":{"self":[{"href":"https:\/\/www.regner.tech\/ca\/wp-json\/wp\/v2\/product\/24319"}],"collection":[{"href":"https:\/\/www.regner.tech\/ca\/wp-json\/wp\/v2\/product"}],"about":[{"href":"https:\/\/www.regner.tech\/ca\/wp-json\/wp\/v2\/types\/product"}],"replies":[{"embeddable":true,"href":"https:\/\/www.regner.tech\/ca\/wp-json\/wp\/v2\/comments?post=24319"}],"wp:featuredmedia":[{"embeddable":true,"href":"https:\/\/www.regner.tech\/ca\/wp-json\/wp\/v2\/media\/22391"}],"wp:attachment":[{"href":"https:\/\/www.regner.tech\/ca\/wp-json\/wp\/v2\/media?parent=24319"}],"wp:term":[{"taxonomy":"product_cat","embeddable":true,"href":"https:\/\/www.regner.tech\/ca\/wp-json\/wp\/v2\/product_cat?post=24319"},{"taxonomy":"product_tag","embeddable":true,"href":"https:\/\/www.regner.tech\/ca\/wp-json\/wp\/v2\/product_tag?post=24319"},{"taxonomy":"carrera","embeddable":true,"href":"https:\/\/www.regner.tech\/ca\/wp-json\/wp\/v2\/carrera?post=24319"},{"taxonomy":"control_de_posicion","embeddable":true,"href":"https:\/\/www.regner.tech\/ca\/wp-json\/wp\/v2\/control_de_posicion?post=24319"},{"taxonomy":"voltaje","embeddable":true,"href":"https:\/\/www.regner.tech\/ca\/wp-json\/wp\/v2\/voltaje?post=24319"},{"taxonomy":"fuerza_maxima","embeddable":true,"href":"https:\/\/www.regner.tech\/ca\/wp-json\/wp\/v2\/fuerza_maxima?post=24319"},{"taxonomy":"velocidad_maxima","embeddable":true,"href":"https:\/\/www.regner.tech\/ca\/wp-json\/wp\/v2\/velocidad_maxima?post=24319"}],"curies":[{"name":"wp","href":"https:\/\/api.w.org\/{rel}","templated":true}]}}