{"id":24298,"date":"2021-09-03T08:32:49","date_gmt":"2023-08-11T13:38:32","guid":{"rendered":"https:\/\/www.regner.tech\/producto\/ra-67\/"},"modified":"2023-08-14T09:12:34","modified_gmt":"2023-08-14T07:12:34","slug":"ra67","status":"publish","type":"product","link":"https:\/\/www.regner.tech\/ca\/producte\/ra67\/","title":{"rendered":"RA-67"},"content":{"rendered":"<p>El RA-67 \u00e9s un robust actuador de carro de lliscament, que permet moure c\u00e0rregues de fins a 6.000N, desenvolupat especialment per a <strong>proveir un moviment fiable<\/strong>, suau i prec\u00eds en cadires de rodes el\u00e8ctriques, llits m\u00e8diques i de confort, taules d&#8217;operacions quir\u00fargiques, butaques d&#8217;odontologia aix\u00ed com sof\u00e0s i butaques dom\u00e8stiques.<\/p>\n","protected":false},"excerpt":{"rendered":"<p>L&#8217;actuador<br \/>\nde <strong>suau lliscament<\/strong><\/p>\n","protected":false},"featured_media":22523,"comment_status":"open","ping_status":"closed","template":"","meta":{"_acf_changed":false,"inline_featured_image":false},"product_cat":[376],"product_tag":[],"carrera":[414],"control_de_posicion":[360,383,382],"voltaje":[378],"fuerza_maxima":[415],"velocidad_maxima":[417],"class_list":{"0":"post-24298","1":"product","2":"type-product","3":"status-publish","4":"has-post-thumbnail","6":"product_cat-actuadors-lineals","7":"carrera-155-mm-ca","8":"control_de_posicion-codificador-digital-ca","9":"control_de_posicion-interruptors-de-final-de-carrera","10":"control_de_posicion-potenciometre","11":"voltaje-24-vdc-ca","12":"fuerza_maxima-6-500-n","13":"velocidad_maxima-72-mm-s-ca","14":"entry","16":"first","17":"instock","18":"taxable","19":"shipping-taxable","20":"purchasable","21":"product-type-variable"},"acf":[],"yoast_head":"<!-- This site is optimized with the Yoast SEO plugin v23.5 - https:\/\/yoast.com\/wordpress\/plugins\/seo\/ -->\n<title>RA-67 | REGNER<\/title>\n<meta name=\"robots\" content=\"index, follow, max-snippet:-1, max-image-preview:large, max-video-preview:-1\" \/>\n<link rel=\"canonical\" href=\"https:\/\/www.regner.tech\/ca\/producte\/ra67\/\" \/>\n<meta property=\"og:locale\" content=\"ca_ES\" \/>\n<meta property=\"og:type\" content=\"article\" \/>\n<meta property=\"og:title\" content=\"RA-67 | REGNER\" \/>\n<meta property=\"og:description\" content=\"L&#039;actuador de suau lliscament\" \/>\n<meta property=\"og:url\" content=\"https:\/\/www.regner.tech\/ca\/producte\/ra67\/\" \/>\n<meta property=\"og:site_name\" content=\"REGNER\" \/>\n<meta property=\"article:modified_time\" content=\"2023-08-14T07:12:34+00:00\" \/>\n<meta property=\"og:image\" content=\"https:\/\/www.regner.tech\/wp-content\/uploads\/2021\/09\/RA67-animated.png\" \/>\n\t<meta property=\"og:image:width\" content=\"800\" \/>\n\t<meta property=\"og:image:height\" content=\"512\" \/>\n\t<meta property=\"og:image:type\" content=\"image\/png\" \/>\n<meta name=\"twitter:card\" content=\"summary_large_image\" \/>\n<meta name=\"twitter:label1\" content=\"Temps estimat de lectura\" \/>\n\t<meta name=\"twitter:data1\" content=\"1 minut\" \/>\n<script type=\"application\/ld+json\" class=\"yoast-schema-graph\">{\"@context\":\"https:\/\/schema.org\",\"@graph\":[{\"@type\":\"WebPage\",\"@id\":\"https:\/\/www.regner.tech\/ca\/producte\/ra67\/\",\"url\":\"https:\/\/www.regner.tech\/ca\/producte\/ra67\/\",\"name\":\"RA-67 | REGNER\",\"isPartOf\":{\"@id\":\"https:\/\/www.regner.tech\/ca\/#website\"},\"primaryImageOfPage\":{\"@id\":\"https:\/\/www.regner.tech\/ca\/producte\/ra67\/#primaryimage\"},\"image\":{\"@id\":\"https:\/\/www.regner.tech\/ca\/producte\/ra67\/#primaryimage\"},\"thumbnailUrl\":\"https:\/\/www.regner.tech\/wp-content\/uploads\/2021\/09\/RA67-animated.png\",\"datePublished\":\"2023-08-11T13:38:32+00:00\",\"dateModified\":\"2023-08-14T07:12:34+00:00\",\"breadcrumb\":{\"@id\":\"https:\/\/www.regner.tech\/ca\/producte\/ra67\/#breadcrumb\"},\"inLanguage\":\"ca\",\"potentialAction\":[{\"@type\":\"ReadAction\",\"target\":[\"https:\/\/www.regner.tech\/ca\/producte\/ra67\/\"]}]},{\"@type\":\"ImageObject\",\"inLanguage\":\"ca\",\"@id\":\"https:\/\/www.regner.tech\/ca\/producte\/ra67\/#primaryimage\",\"url\":\"https:\/\/www.regner.tech\/wp-content\/uploads\/2021\/09\/RA67-animated.png\",\"contentUrl\":\"https:\/\/www.regner.tech\/wp-content\/uploads\/2021\/09\/RA67-animated.png\",\"width\":800,\"height\":512},{\"@type\":\"BreadcrumbList\",\"@id\":\"https:\/\/www.regner.tech\/ca\/producte\/ra67\/#breadcrumb\",\"itemListElement\":[{\"@type\":\"ListItem\",\"position\":1,\"name\":\"Portada\",\"item\":\"https:\/\/www.regner.tech\/ca\/\"},{\"@type\":\"ListItem\",\"position\":2,\"name\":\"Tienda\",\"item\":\"https:\/\/www.regner.tech\/?page_id=332\"},{\"@type\":\"ListItem\",\"position\":3,\"name\":\"RA-67\"}]},{\"@type\":\"WebSite\",\"@id\":\"https:\/\/www.regner.tech\/ca\/#website\",\"url\":\"https:\/\/www.regner.tech\/ca\/\",\"name\":\"REGNER\",\"description\":\"Soluciones avanzadas de movimiento lineal\",\"publisher\":{\"@id\":\"https:\/\/www.regner.tech\/ca\/#organization\"},\"potentialAction\":[{\"@type\":\"SearchAction\",\"target\":{\"@type\":\"EntryPoint\",\"urlTemplate\":\"https:\/\/www.regner.tech\/ca\/?s={search_term_string}\"},\"query-input\":{\"@type\":\"PropertyValueSpecification\",\"valueRequired\":true,\"valueName\":\"search_term_string\"}}],\"inLanguage\":\"ca\"},{\"@type\":\"Organization\",\"@id\":\"https:\/\/www.regner.tech\/ca\/#organization\",\"name\":\"REGNER\u00ae\",\"url\":\"https:\/\/www.regner.tech\/ca\/\",\"logo\":{\"@type\":\"ImageObject\",\"inLanguage\":\"ca\",\"@id\":\"https:\/\/www.regner.tech\/ca\/#\/schema\/logo\/image\/\",\"url\":\"https:\/\/www.regner.tech\/wp-content\/uploads\/2022\/05\/skin07s.header-logo-hd.png\",\"contentUrl\":\"https:\/\/www.regner.tech\/wp-content\/uploads\/2022\/05\/skin07s.header-logo-hd.png\",\"width\":292,\"height\":56,\"caption\":\"REGNER\u00ae\"},\"image\":{\"@id\":\"https:\/\/www.regner.tech\/ca\/#\/schema\/logo\/image\/\"}}]}<\/script>\n<!-- \/ Yoast SEO plugin. -->","yoast_head_json":{"title":"RA-67 | REGNER","robots":{"index":"index","follow":"follow","max-snippet":"max-snippet:-1","max-image-preview":"max-image-preview:large","max-video-preview":"max-video-preview:-1"},"canonical":"https:\/\/www.regner.tech\/ca\/producte\/ra67\/","og_locale":"ca_ES","og_type":"article","og_title":"RA-67 | REGNER","og_description":"L'actuador de suau lliscament","og_url":"https:\/\/www.regner.tech\/ca\/producte\/ra67\/","og_site_name":"REGNER","article_modified_time":"2023-08-14T07:12:34+00:00","og_image":[{"width":800,"height":512,"url":"https:\/\/www.regner.tech\/wp-content\/uploads\/2021\/09\/RA67-animated.png","type":"image\/png"}],"twitter_card":"summary_large_image","twitter_misc":{"Temps estimat de lectura":"1 minut"},"schema":{"@context":"https:\/\/schema.org","@graph":[{"@type":"WebPage","@id":"https:\/\/www.regner.tech\/ca\/producte\/ra67\/","url":"https:\/\/www.regner.tech\/ca\/producte\/ra67\/","name":"RA-67 | REGNER","isPartOf":{"@id":"https:\/\/www.regner.tech\/ca\/#website"},"primaryImageOfPage":{"@id":"https:\/\/www.regner.tech\/ca\/producte\/ra67\/#primaryimage"},"image":{"@id":"https:\/\/www.regner.tech\/ca\/producte\/ra67\/#primaryimage"},"thumbnailUrl":"https:\/\/www.regner.tech\/wp-content\/uploads\/2021\/09\/RA67-animated.png","datePublished":"2023-08-11T13:38:32+00:00","dateModified":"2023-08-14T07:12:34+00:00","breadcrumb":{"@id":"https:\/\/www.regner.tech\/ca\/producte\/ra67\/#breadcrumb"},"inLanguage":"ca","potentialAction":[{"@type":"ReadAction","target":["https:\/\/www.regner.tech\/ca\/producte\/ra67\/"]}]},{"@type":"ImageObject","inLanguage":"ca","@id":"https:\/\/www.regner.tech\/ca\/producte\/ra67\/#primaryimage","url":"https:\/\/www.regner.tech\/wp-content\/uploads\/2021\/09\/RA67-animated.png","contentUrl":"https:\/\/www.regner.tech\/wp-content\/uploads\/2021\/09\/RA67-animated.png","width":800,"height":512},{"@type":"BreadcrumbList","@id":"https:\/\/www.regner.tech\/ca\/producte\/ra67\/#breadcrumb","itemListElement":[{"@type":"ListItem","position":1,"name":"Portada","item":"https:\/\/www.regner.tech\/ca\/"},{"@type":"ListItem","position":2,"name":"Tienda","item":"https:\/\/www.regner.tech\/?page_id=332"},{"@type":"ListItem","position":3,"name":"RA-67"}]},{"@type":"WebSite","@id":"https:\/\/www.regner.tech\/ca\/#website","url":"https:\/\/www.regner.tech\/ca\/","name":"REGNER","description":"Soluciones avanzadas de movimiento lineal","publisher":{"@id":"https:\/\/www.regner.tech\/ca\/#organization"},"potentialAction":[{"@type":"SearchAction","target":{"@type":"EntryPoint","urlTemplate":"https:\/\/www.regner.tech\/ca\/?s={search_term_string}"},"query-input":{"@type":"PropertyValueSpecification","valueRequired":true,"valueName":"search_term_string"}}],"inLanguage":"ca"},{"@type":"Organization","@id":"https:\/\/www.regner.tech\/ca\/#organization","name":"REGNER\u00ae","url":"https:\/\/www.regner.tech\/ca\/","logo":{"@type":"ImageObject","inLanguage":"ca","@id":"https:\/\/www.regner.tech\/ca\/#\/schema\/logo\/image\/","url":"https:\/\/www.regner.tech\/wp-content\/uploads\/2022\/05\/skin07s.header-logo-hd.png","contentUrl":"https:\/\/www.regner.tech\/wp-content\/uploads\/2022\/05\/skin07s.header-logo-hd.png","width":292,"height":56,"caption":"REGNER\u00ae"},"image":{"@id":"https:\/\/www.regner.tech\/ca\/#\/schema\/logo\/image\/"}}]}},"_links":{"self":[{"href":"https:\/\/www.regner.tech\/ca\/wp-json\/wp\/v2\/product\/24298"}],"collection":[{"href":"https:\/\/www.regner.tech\/ca\/wp-json\/wp\/v2\/product"}],"about":[{"href":"https:\/\/www.regner.tech\/ca\/wp-json\/wp\/v2\/types\/product"}],"replies":[{"embeddable":true,"href":"https:\/\/www.regner.tech\/ca\/wp-json\/wp\/v2\/comments?post=24298"}],"wp:featuredmedia":[{"embeddable":true,"href":"https:\/\/www.regner.tech\/ca\/wp-json\/wp\/v2\/media\/22523"}],"wp:attachment":[{"href":"https:\/\/www.regner.tech\/ca\/wp-json\/wp\/v2\/media?parent=24298"}],"wp:term":[{"taxonomy":"product_cat","embeddable":true,"href":"https:\/\/www.regner.tech\/ca\/wp-json\/wp\/v2\/product_cat?post=24298"},{"taxonomy":"product_tag","embeddable":true,"href":"https:\/\/www.regner.tech\/ca\/wp-json\/wp\/v2\/product_tag?post=24298"},{"taxonomy":"carrera","embeddable":true,"href":"https:\/\/www.regner.tech\/ca\/wp-json\/wp\/v2\/carrera?post=24298"},{"taxonomy":"control_de_posicion","embeddable":true,"href":"https:\/\/www.regner.tech\/ca\/wp-json\/wp\/v2\/control_de_posicion?post=24298"},{"taxonomy":"voltaje","embeddable":true,"href":"https:\/\/www.regner.tech\/ca\/wp-json\/wp\/v2\/voltaje?post=24298"},{"taxonomy":"fuerza_maxima","embeddable":true,"href":"https:\/\/www.regner.tech\/ca\/wp-json\/wp\/v2\/fuerza_maxima?post=24298"},{"taxonomy":"velocidad_maxima","embeddable":true,"href":"https:\/\/www.regner.tech\/ca\/wp-json\/wp\/v2\/velocidad_maxima?post=24298"}],"curies":[{"name":"wp","href":"https:\/\/api.w.org\/{rel}","templated":true}]}}