{"id":24274,"date":"2021-09-02T16:55:55","date_gmt":"2023-08-11T13:38:21","guid":{"rendered":"https:\/\/www.regner.tech\/producto\/ra-90\/"},"modified":"2023-08-14T09:12:38","modified_gmt":"2023-08-14T07:12:38","slug":"ra-90","status":"publish","type":"product","link":"https:\/\/www.regner.tech\/ca\/producte\/ra-90\/","title":{"rendered":"RA-90"},"content":{"rendered":"<p>\u00danic en la seva categoria, el RA-90 \u00e9s un actuador lineal d&#8217;alt rendiment per a c\u00e0rregues de fins a 2.500 N, extremadament compacte i amb un nou sistema de regulaci\u00f3 de la carrera. Aquest sistema permet al RA-90 <strong>adaptar-se a qualsevol aplicaci\u00f3 amb rapidesa i fiabilitat<\/strong>.<br \/>\nEl RA-90 compta amb una electr\u00f2nica avan\u00e7ada i un codificador digital amb sortida anal\u00f2gica per a un control prec\u00eds i intu\u00eftiu de la posici\u00f3, aix\u00ed com interruptors interns de final de carrera per a un funcionament segur.<\/p>\n","protected":false},"excerpt":{"rendered":"<p>L&#8217;actuador<br \/>\namb regulaci\u00f3,<strong>innovador i compacte<\/strong><\/p>\n","protected":false},"featured_media":22330,"comment_status":"open","ping_status":"closed","template":"","meta":{"_acf_changed":false,"inline_featured_image":false},"product_cat":[376],"product_tag":[],"carrera":[381,379,380],"control_de_posicion":[383,382],"voltaje":[378],"fuerza_maxima":[384],"velocidad_maxima":[403],"class_list":{"0":"post-24274","1":"product","2":"type-product","3":"status-publish","4":"has-post-thumbnail","6":"product_cat-actuadors-lineals","7":"carrera-170-mm-ca","8":"carrera-50-mm","9":"carrera-75-mm","10":"control_de_posicion-interruptors-de-final-de-carrera","11":"control_de_posicion-potenciometre","12":"voltaje-24-vdc-ca","13":"fuerza_maxima-2-500-n","14":"velocidad_maxima-36-mm-s-ca","15":"entry","17":"first","18":"instock","19":"taxable","20":"shipping-taxable","21":"purchasable","22":"product-type-variable"},"acf":[],"yoast_head":"<!-- This site is optimized with the Yoast SEO plugin v23.5 - https:\/\/yoast.com\/wordpress\/plugins\/seo\/ -->\n<title>RA-90 | REGNER<\/title>\n<meta name=\"robots\" content=\"index, follow, max-snippet:-1, max-image-preview:large, max-video-preview:-1\" \/>\n<link rel=\"canonical\" href=\"https:\/\/www.regner.tech\/ca\/producte\/ra-90\/\" \/>\n<meta property=\"og:locale\" content=\"ca_ES\" \/>\n<meta property=\"og:type\" content=\"article\" \/>\n<meta property=\"og:title\" content=\"RA-90 | REGNER\" \/>\n<meta property=\"og:description\" content=\"L&#039;actuador amb regulaci\u00f3,innovador i compacte\" \/>\n<meta property=\"og:url\" content=\"https:\/\/www.regner.tech\/ca\/producte\/ra-90\/\" \/>\n<meta property=\"og:site_name\" content=\"REGNER\" \/>\n<meta property=\"article:modified_time\" content=\"2023-08-14T07:12:38+00:00\" \/>\n<meta property=\"og:image\" content=\"https:\/\/www.regner.tech\/wp-content\/uploads\/2021\/09\/animated-ra90-resok.png\" \/>\n\t<meta property=\"og:image:width\" content=\"1200\" \/>\n\t<meta property=\"og:image:height\" content=\"566\" \/>\n\t<meta property=\"og:image:type\" content=\"image\/png\" \/>\n<meta name=\"twitter:card\" content=\"summary_large_image\" \/>\n<meta name=\"twitter:label1\" content=\"Temps estimat de lectura\" \/>\n\t<meta name=\"twitter:data1\" content=\"1 minut\" \/>\n<script type=\"application\/ld+json\" class=\"yoast-schema-graph\">{\"@context\":\"https:\/\/schema.org\",\"@graph\":[{\"@type\":\"WebPage\",\"@id\":\"https:\/\/www.regner.tech\/ca\/producte\/ra-90\/\",\"url\":\"https:\/\/www.regner.tech\/ca\/producte\/ra-90\/\",\"name\":\"RA-90 | REGNER\",\"isPartOf\":{\"@id\":\"https:\/\/www.regner.tech\/ca\/#website\"},\"primaryImageOfPage\":{\"@id\":\"https:\/\/www.regner.tech\/ca\/producte\/ra-90\/#primaryimage\"},\"image\":{\"@id\":\"https:\/\/www.regner.tech\/ca\/producte\/ra-90\/#primaryimage\"},\"thumbnailUrl\":\"https:\/\/www.regner.tech\/wp-content\/uploads\/2021\/09\/animated-ra90-resok.png\",\"datePublished\":\"2023-08-11T13:38:21+00:00\",\"dateModified\":\"2023-08-14T07:12:38+00:00\",\"breadcrumb\":{\"@id\":\"https:\/\/www.regner.tech\/ca\/producte\/ra-90\/#breadcrumb\"},\"inLanguage\":\"ca\",\"potentialAction\":[{\"@type\":\"ReadAction\",\"target\":[\"https:\/\/www.regner.tech\/ca\/producte\/ra-90\/\"]}]},{\"@type\":\"ImageObject\",\"inLanguage\":\"ca\",\"@id\":\"https:\/\/www.regner.tech\/ca\/producte\/ra-90\/#primaryimage\",\"url\":\"https:\/\/www.regner.tech\/wp-content\/uploads\/2021\/09\/animated-ra90-resok.png\",\"contentUrl\":\"https:\/\/www.regner.tech\/wp-content\/uploads\/2021\/09\/animated-ra90-resok.png\",\"width\":1200,\"height\":566},{\"@type\":\"BreadcrumbList\",\"@id\":\"https:\/\/www.regner.tech\/ca\/producte\/ra-90\/#breadcrumb\",\"itemListElement\":[{\"@type\":\"ListItem\",\"position\":1,\"name\":\"Portada\",\"item\":\"https:\/\/www.regner.tech\/ca\/\"},{\"@type\":\"ListItem\",\"position\":2,\"name\":\"Tienda\",\"item\":\"https:\/\/www.regner.tech\/?page_id=332\"},{\"@type\":\"ListItem\",\"position\":3,\"name\":\"RA-90\"}]},{\"@type\":\"WebSite\",\"@id\":\"https:\/\/www.regner.tech\/ca\/#website\",\"url\":\"https:\/\/www.regner.tech\/ca\/\",\"name\":\"REGNER\",\"description\":\"Soluciones avanzadas de movimiento lineal\",\"publisher\":{\"@id\":\"https:\/\/www.regner.tech\/ca\/#organization\"},\"potentialAction\":[{\"@type\":\"SearchAction\",\"target\":{\"@type\":\"EntryPoint\",\"urlTemplate\":\"https:\/\/www.regner.tech\/ca\/?s={search_term_string}\"},\"query-input\":{\"@type\":\"PropertyValueSpecification\",\"valueRequired\":true,\"valueName\":\"search_term_string\"}}],\"inLanguage\":\"ca\"},{\"@type\":\"Organization\",\"@id\":\"https:\/\/www.regner.tech\/ca\/#organization\",\"name\":\"REGNER\u00ae\",\"url\":\"https:\/\/www.regner.tech\/ca\/\",\"logo\":{\"@type\":\"ImageObject\",\"inLanguage\":\"ca\",\"@id\":\"https:\/\/www.regner.tech\/ca\/#\/schema\/logo\/image\/\",\"url\":\"https:\/\/www.regner.tech\/wp-content\/uploads\/2022\/05\/skin07s.header-logo-hd.png\",\"contentUrl\":\"https:\/\/www.regner.tech\/wp-content\/uploads\/2022\/05\/skin07s.header-logo-hd.png\",\"width\":292,\"height\":56,\"caption\":\"REGNER\u00ae\"},\"image\":{\"@id\":\"https:\/\/www.regner.tech\/ca\/#\/schema\/logo\/image\/\"}}]}<\/script>\n<!-- \/ Yoast SEO plugin. -->","yoast_head_json":{"title":"RA-90 | REGNER","robots":{"index":"index","follow":"follow","max-snippet":"max-snippet:-1","max-image-preview":"max-image-preview:large","max-video-preview":"max-video-preview:-1"},"canonical":"https:\/\/www.regner.tech\/ca\/producte\/ra-90\/","og_locale":"ca_ES","og_type":"article","og_title":"RA-90 | REGNER","og_description":"L'actuador amb regulaci\u00f3,innovador i compacte","og_url":"https:\/\/www.regner.tech\/ca\/producte\/ra-90\/","og_site_name":"REGNER","article_modified_time":"2023-08-14T07:12:38+00:00","og_image":[{"width":1200,"height":566,"url":"https:\/\/www.regner.tech\/wp-content\/uploads\/2021\/09\/animated-ra90-resok.png","type":"image\/png"}],"twitter_card":"summary_large_image","twitter_misc":{"Temps estimat de lectura":"1 minut"},"schema":{"@context":"https:\/\/schema.org","@graph":[{"@type":"WebPage","@id":"https:\/\/www.regner.tech\/ca\/producte\/ra-90\/","url":"https:\/\/www.regner.tech\/ca\/producte\/ra-90\/","name":"RA-90 | REGNER","isPartOf":{"@id":"https:\/\/www.regner.tech\/ca\/#website"},"primaryImageOfPage":{"@id":"https:\/\/www.regner.tech\/ca\/producte\/ra-90\/#primaryimage"},"image":{"@id":"https:\/\/www.regner.tech\/ca\/producte\/ra-90\/#primaryimage"},"thumbnailUrl":"https:\/\/www.regner.tech\/wp-content\/uploads\/2021\/09\/animated-ra90-resok.png","datePublished":"2023-08-11T13:38:21+00:00","dateModified":"2023-08-14T07:12:38+00:00","breadcrumb":{"@id":"https:\/\/www.regner.tech\/ca\/producte\/ra-90\/#breadcrumb"},"inLanguage":"ca","potentialAction":[{"@type":"ReadAction","target":["https:\/\/www.regner.tech\/ca\/producte\/ra-90\/"]}]},{"@type":"ImageObject","inLanguage":"ca","@id":"https:\/\/www.regner.tech\/ca\/producte\/ra-90\/#primaryimage","url":"https:\/\/www.regner.tech\/wp-content\/uploads\/2021\/09\/animated-ra90-resok.png","contentUrl":"https:\/\/www.regner.tech\/wp-content\/uploads\/2021\/09\/animated-ra90-resok.png","width":1200,"height":566},{"@type":"BreadcrumbList","@id":"https:\/\/www.regner.tech\/ca\/producte\/ra-90\/#breadcrumb","itemListElement":[{"@type":"ListItem","position":1,"name":"Portada","item":"https:\/\/www.regner.tech\/ca\/"},{"@type":"ListItem","position":2,"name":"Tienda","item":"https:\/\/www.regner.tech\/?page_id=332"},{"@type":"ListItem","position":3,"name":"RA-90"}]},{"@type":"WebSite","@id":"https:\/\/www.regner.tech\/ca\/#website","url":"https:\/\/www.regner.tech\/ca\/","name":"REGNER","description":"Soluciones avanzadas de movimiento lineal","publisher":{"@id":"https:\/\/www.regner.tech\/ca\/#organization"},"potentialAction":[{"@type":"SearchAction","target":{"@type":"EntryPoint","urlTemplate":"https:\/\/www.regner.tech\/ca\/?s={search_term_string}"},"query-input":{"@type":"PropertyValueSpecification","valueRequired":true,"valueName":"search_term_string"}}],"inLanguage":"ca"},{"@type":"Organization","@id":"https:\/\/www.regner.tech\/ca\/#organization","name":"REGNER\u00ae","url":"https:\/\/www.regner.tech\/ca\/","logo":{"@type":"ImageObject","inLanguage":"ca","@id":"https:\/\/www.regner.tech\/ca\/#\/schema\/logo\/image\/","url":"https:\/\/www.regner.tech\/wp-content\/uploads\/2022\/05\/skin07s.header-logo-hd.png","contentUrl":"https:\/\/www.regner.tech\/wp-content\/uploads\/2022\/05\/skin07s.header-logo-hd.png","width":292,"height":56,"caption":"REGNER\u00ae"},"image":{"@id":"https:\/\/www.regner.tech\/ca\/#\/schema\/logo\/image\/"}}]}},"_links":{"self":[{"href":"https:\/\/www.regner.tech\/ca\/wp-json\/wp\/v2\/product\/24274"}],"collection":[{"href":"https:\/\/www.regner.tech\/ca\/wp-json\/wp\/v2\/product"}],"about":[{"href":"https:\/\/www.regner.tech\/ca\/wp-json\/wp\/v2\/types\/product"}],"replies":[{"embeddable":true,"href":"https:\/\/www.regner.tech\/ca\/wp-json\/wp\/v2\/comments?post=24274"}],"wp:featuredmedia":[{"embeddable":true,"href":"https:\/\/www.regner.tech\/ca\/wp-json\/wp\/v2\/media\/22330"}],"wp:attachment":[{"href":"https:\/\/www.regner.tech\/ca\/wp-json\/wp\/v2\/media?parent=24274"}],"wp:term":[{"taxonomy":"product_cat","embeddable":true,"href":"https:\/\/www.regner.tech\/ca\/wp-json\/wp\/v2\/product_cat?post=24274"},{"taxonomy":"product_tag","embeddable":true,"href":"https:\/\/www.regner.tech\/ca\/wp-json\/wp\/v2\/product_tag?post=24274"},{"taxonomy":"carrera","embeddable":true,"href":"https:\/\/www.regner.tech\/ca\/wp-json\/wp\/v2\/carrera?post=24274"},{"taxonomy":"control_de_posicion","embeddable":true,"href":"https:\/\/www.regner.tech\/ca\/wp-json\/wp\/v2\/control_de_posicion?post=24274"},{"taxonomy":"voltaje","embeddable":true,"href":"https:\/\/www.regner.tech\/ca\/wp-json\/wp\/v2\/voltaje?post=24274"},{"taxonomy":"fuerza_maxima","embeddable":true,"href":"https:\/\/www.regner.tech\/ca\/wp-json\/wp\/v2\/fuerza_maxima?post=24274"},{"taxonomy":"velocidad_maxima","embeddable":true,"href":"https:\/\/www.regner.tech\/ca\/wp-json\/wp\/v2\/velocidad_maxima?post=24274"}],"curies":[{"name":"wp","href":"https:\/\/api.w.org\/{rel}","templated":true}]}}